{"id":8623,"date":"2019-02-18T10:28:00","date_gmt":"2019-02-18T09:28:00","guid":{"rendered":"https:\/\/teens.cittanuova.it\/redazione\/"},"modified":"2021-03-16T10:17:52","modified_gmt":"2021-03-16T09:17:52","slug":"redazione","status":"publish","type":"page","link":"https:\/\/teens.cittanuova.it\/es\/redazione\/","title":{"rendered":"Equipo de Redacci\u00f3n"},"content":{"rendered":"<p>[vc_row][vc_column][vc_empty_space height=&#8221;10px&#8221;][vc_single_image image=&#8221;8156&#8243; img_size=&#8221;full&#8221; onclick=&#8221;custom_link&#8221; img_link_target=&#8221;_blank&#8221; link=&#8221;https:\/\/www.cittanuova.it\/riviste\/9772499790168\/&#8221;][vc_column_text]<span style=\"font-size: 18px; line-height: 28px;\"> <span class=\"h-news\">Somos una redacci\u00f3n formada por chicos y chicas que comenzamos a dar vida vida a la revista Teens con el objetivo de llegar con nuestro mensaje a nuestros amigos, amigas, compa\u00f1eros y compa\u00f1eras del colegio. Desde el inicio nuestra idea ha sido que la revista \u201cTeens\u201d sea internacional, que las redacciones se multiplicaran para poder contar lo que est\u00e1 pasando en el mundo a trav\u00e9s de la mirada de los y las adolescentes de los 5 continentes. Actualmente las redacciones est\u00e1n en Argentina, Chile, Paraguay, Uruguay, Brasil, Panam\u00e1, USA, Portugal, Italia, Espa\u00f1a, Hungr\u00eda, India, Kenia&#8230;.Todos trabajamos desde casa y nos mantenemos conectados de manera on-line.<\/span>[\/vc_column_text][vc_empty_space height=&#8221;5px&#8221;][vc_row_inner][vc_column_inner width=&#8221;1\/3&#8243;][vc_column_text css_animation=&#8221;bounceIn&#8221;]<\/span><\/p>\n<h3 style=\"margin-bottom: 15px;\"><span style=\"color: #993366;\">Entrar a la Redacci\u00f3n<\/span><\/h3>\n<p><span style=\"font-size: 18px; line-height: 28px;\">Hola, las Redacciones de Teens de todo el mundo te dan la bienvenida. \u00bfQuer\u00e9s formar parte del equipo de redacci\u00f3n de Teens? De manera individual o como clase nos pueden enviar su colaboraci\u00f3n haciendo clic <a href=\"https:\/\/teens.cittanuova.it\/io-scrivo\/\">aqu\u00ed:<\/a>:<br \/>\n<a href=\"https:\/\/teens.cittanuova.it\/io-scrivo\/\"><img data-expand=\"600\" loading=\"lazy\" class=\"lazyload size-full wp-image-8755 aligncenter\" src=\"data:image\/svg+xml;charset=utf-8,%3Csvg xmlns%3D'http%3A%2F%2Fwww.w3.org%2F2000%2Fsvg' viewBox%3D'0 0 217 208'%2F%3E\" data-src=\"https:\/\/teens.cittanuova.it\/wp-content\/uploads\/2021\/01\/Icon_Pen2.png\" alt=\"\" width=\"217\" height=\"208\" data-srcset=\"https:\/\/teens.cittanuova.it\/wp-content\/uploads\/2021\/01\/Icon_Pen2.png 217w, https:\/\/teens.cittanuova.it\/wp-content\/uploads\/2021\/01\/Icon_Pen2-50x48.png 50w, https:\/\/teens.cittanuova.it\/wp-content\/uploads\/2021\/01\/Icon_Pen2-100x96.png 100w\" data-sizes=\"(max-width: 217px) 100vw, 217px\" \/><br \/>\n<\/a><br \/>\n<\/span>[\/vc_column_text][\/vc_column_inner][vc_column_inner width=&#8221;1\/3&#8243;][vc_column_text]<\/p>\n<h3 style=\"margin-bottom: 15px;\">\u00a1Vos tambi\u00e9n en la pole position!<\/h3>\n<p><span style=\"font-size: 18px; line-height: 28px;\">Si queres interactuar solo con un post, un &#8220;like\u201d, una sugerencia, un deseo, una expectativa, un tema &#8230;sos BIENVENIDO!<\/span><\/p>\n<p><img data-expand=\"600\" loading=\"lazy\" class=\"lazyload size-full wp-image-8741 aligncenter\" src=\"data:image\/svg+xml;charset=utf-8,%3Csvg xmlns%3D'http%3A%2F%2Fwww.w3.org%2F2000%2Fsvg' viewBox%3D'0 0 208 208'%2F%3E\" data-src=\"https:\/\/teens.cittanuova.it\/wp-content\/uploads\/2021\/01\/Icon_Start-1.png\" alt=\"\" width=\"208\" height=\"208\" data-srcset=\"https:\/\/teens.cittanuova.it\/wp-content\/uploads\/2021\/01\/Icon_Start-1.png 208w, https:\/\/teens.cittanuova.it\/wp-content\/uploads\/2021\/01\/Icon_Start-1-150x150.png 150w, https:\/\/teens.cittanuova.it\/wp-content\/uploads\/2021\/01\/Icon_Start-1-192x192.png 192w, https:\/\/teens.cittanuova.it\/wp-content\/uploads\/2021\/01\/Icon_Start-1-110x110.png 110w, https:\/\/teens.cittanuova.it\/wp-content\/uploads\/2021\/01\/Icon_Start-1-48x48.png 48w, https:\/\/teens.cittanuova.it\/wp-content\/uploads\/2021\/01\/Icon_Start-1-96x96.png 96w\" data-sizes=\"(max-width: 208px) 100vw, 208px\" \/>[\/vc_column_text][\/vc_column_inner][vc_column_inner width=&#8221;1\/3&#8243;][vc_column_text]<\/p>\n<h3 style=\"margin-bottom: 15px;\">Crea una Redacci\u00f3n<\/h3>\n<p><span style=\"font-size: 18px; line-height: 28px;\">\u00bfQuer\u00e9s crear una Redacci\u00f3n en tu Clase? Estamos disponibles para acompa\u00f1arte en esta hermosa aventura: <span style=\"border-bottom: 2px solid #8ecbcf; margin: 0 3px;\"><a class=\"teens-link\" href=\"#\" target=\"_blank\" rel=\"noopener noreferrer\">escr\u00edbenos<\/a><\/span>\u00a0<\/span><\/p>\n<h3 style=\"margin-bottom: 15px;\"><img data-expand=\"600\" loading=\"lazy\" class=\"lazyload size-full wp-image-8704 aligncenter\" src=\"data:image\/svg+xml;charset=utf-8,%3Csvg xmlns%3D'http%3A%2F%2Fwww.w3.org%2F2000%2Fsvg' viewBox%3D'0 0 240 210'%2F%3E\" data-src=\"https:\/\/teens.cittanuova.it\/wp-content\/uploads\/2021\/01\/Icon_Redazione.png\" alt=\"\" width=\"240\" height=\"210\" data-srcset=\"https:\/\/teens.cittanuova.it\/wp-content\/uploads\/2021\/01\/Icon_Redazione.png 240w, https:\/\/teens.cittanuova.it\/wp-content\/uploads\/2021\/01\/Icon_Redazione-55x48.png 55w, https:\/\/teens.cittanuova.it\/wp-content\/uploads\/2021\/01\/Icon_Redazione-110x96.png 110w\" data-sizes=\"(max-width: 240px) 100vw, 240px\" \/><\/h3>\n<p>[\/vc_column_text][\/vc_column_inner][\/vc_row_inner][\/vc_column][\/vc_row][vc_row][vc_column][vc_single_image image=&#8221;10343&#8243; img_size=&#8221;medium&#8221; alignment=&#8221;center&#8221; onclick=&#8221;custom_link&#8221; link=&#8221;https:\/\/teens.cittanuova.it\/es\/news\/en-nel-mundo\/&#8221;][\/vc_column][\/vc_row][vc_row][vc_column][vc_column_text]<\/p>\n<p style=\"text-align: center;\">EQUIPO DE REDACCI\u00d3N EN NEL MUNDO<\/p>\n<p>[\/vc_column_text][\/vc_column][\/vc_row]<\/p>\n","protected":false},"excerpt":{"rendered":"<p>[vc_row][vc_column][vc_empty_space height=&#8221;10px&#8221;][vc_single_image image=&#8221;8156&#8243; img_size=&#8221;full&#8221; onclick=&#8221;custom_link&#8221; img_link_target=&#8221;_blank&#8221; link=&#8221;https:\/\/www.cittanuova.it\/riviste\/9772499790168\/&#8221;][vc_column_text] Somos una redacci\u00f3n formada por chicos y chicas que comenzamos a dar vida vida a la revista Teens con el objetivo de llegar con nuestro mensaje a nuestros amigos, amigas, compa\u00f1eros y compa\u00f1eras del colegio. Desde el inicio nuestra idea ha sido que la revista \u201cTeens\u201d sea internacional, [&hellip;] <a class=\"g1-link g1-link-more\" href=\"https:\/\/teens.cittanuova.it\/es\/redazione\/\">More<\/a><\/p>\n","protected":false},"author":1,"featured_media":0,"parent":0,"menu_order":0,"comment_status":"closed","ping_status":"closed","template":"g1-template-page-full.php","meta":[],"wps_subtitle":"","_links":{"self":[{"href":"https:\/\/teens.cittanuova.it\/es\/wp-json\/wp\/v2\/pages\/8623"}],"collection":[{"href":"https:\/\/teens.cittanuova.it\/es\/wp-json\/wp\/v2\/pages"}],"about":[{"href":"https:\/\/teens.cittanuova.it\/es\/wp-json\/wp\/v2\/types\/page"}],"author":[{"embeddable":true,"href":"https:\/\/teens.cittanuova.it\/es\/wp-json\/wp\/v2\/users\/1"}],"replies":[{"embeddable":true,"href":"https:\/\/teens.cittanuova.it\/es\/wp-json\/wp\/v2\/comments?post=8623"}],"version-history":[{"count":67,"href":"https:\/\/teens.cittanuova.it\/es\/wp-json\/wp\/v2\/pages\/8623\/revisions"}],"predecessor-version":[{"id":10394,"href":"https:\/\/teens.cittanuova.it\/es\/wp-json\/wp\/v2\/pages\/8623\/revisions\/10394"}],"wp:attachment":[{"href":"https:\/\/teens.cittanuova.it\/es\/wp-json\/wp\/v2\/media?parent=8623"}],"curies":[{"name":"wp","href":"https:\/\/api.w.org\/{rel}","templated":true}]}}