{"id":9141,"date":"2019-02-18T11:34:59","date_gmt":"2019-02-18T10:34:59","guid":{"rendered":"https:\/\/teens.cittanuova.it\/i-care\/"},"modified":"2021-03-15T08:24:12","modified_gmt":"2021-03-15T07:24:12","slug":"i-care","status":"publish","type":"page","link":"https:\/\/teens.cittanuova.it\/es\/i-care\/","title":{"rendered":"Me importa"},"content":{"rendered":"<p>[vc_row][vc_column][vc_empty_space height=&#8221;10px&#8221;][vc_row_inner][vc_column_inner width=&#8221;1\/2&#8243;][vc_column_text]<span style=\"font-size: 18px; line-height: 28px;\"><span class=\"h-news\">Teens4Teens es un programa que involucra, a trav\u00e9s de proyectos, acciones e iniciativas a Chicos por un Mundo Unido, los y las adolescentes del Movimiento de los Focolares y a la AMU. T4T permite experimentar la &#8220;cultura del compartir&#8221;.<\/span>[\/vc_column_text][\/vc_column_inner][vc_column_inner width=&#8221;1\/2&#8243;][vc_column_text]<span style=\"font-size: 18px; line-height: 28px;\">Cada clase o escuela participante puede &#8220;adoptar&#8221; un proyecto, apoyarlo econ\u00f3micamente, pero sobre todo hacer que los estudiantes conozcan m\u00e1s sobre la realidad de los pa\u00edses involucrados.<br \/>\nEl objetivo es crear una relaci\u00f3n de intercambio y conocimiento mutuo con los chicos y las chicas de uno de los pa\u00edses involucrados.<br \/>\n<\/span><\/span>[\/vc_column_text][\/vc_column_inner][\/vc_row_inner][vc_empty_space height=&#8221;10px&#8221;][vc_separator color=&#8221;custom&#8221; accent_color=&#8221;#e6e6e6&#8243; css=&#8221;.vc_custom_1550154523448{margin-top: -2px !important;}&#8221;][vc_empty_space height=&#8221;20px&#8221;][vc_row_inner][vc_column_inner width=&#8221;1\/4&#8243;][vc_single_image image=&#8221;8112&#8243; img_size=&#8221;full&#8221; onclick=&#8221;custom_link&#8221; link=&#8221;\/i-care\/il-nostro-impegno-verso-fame-zero\/&#8221;][vc_column_text]<\/p>\n<h3 style=\"height: 25px; line-height: 20px; margin-bottom: 5px;\"><a href=\"https:\/\/teens.cittanuova.it\/i-care\/il-nostro-impegno-verso-fame-zero\/\">Pubblicitaria 2019 \/ 02<\/a><\/h3>\n<p>[\/vc_column_text][\/vc_column_inner][vc_column_inner width=&#8221;1\/4&#8243;][vc_single_image image=&#8221;7631&#8243; img_size=&#8221;full&#8221; onclick=&#8221;custom_link&#8221; link=&#8221;\/i-care\/mariapoli-europea-2019\/&#8221;][vc_column_text]<\/p>\n<h3 style=\"height: 25px; line-height: 20px; margin-bottom: 5px;\"><a href=\"https:\/\/teens.cittanuova.it\/i-care\/mariapoli-europea-2019\/\">Pubblicitaria 2019 \/ 01<\/a><\/h3>\n<p>[\/vc_column_text][\/vc_column_inner][vc_column_inner width=&#8221;1\/4&#8243;][vc_single_image image=&#8221;7637&#8243; img_size=&#8221;full&#8221; onclick=&#8221;custom_link&#8221; link=&#8221;\/i-care\/abbonati-a-teens\/&#8221;][vc_column_text]<\/p>\n<h3 style=\"height: 25px; line-height: 20px; margin-bottom: 5px;\"><a href=\"https:\/\/teens.cittanuova.it\/i-care\/abbonati-a-teens\/\">Pubblicitaria 2018 \/ 06<\/a><\/h3>\n<p>[\/vc_column_text][\/vc_column_inner][vc_column_inner width=&#8221;1\/4&#8243;][vc_single_image image=&#8221;7635&#8243; img_size=&#8221;full&#8221; onclick=&#8221;custom_link&#8221; link=&#8221;https:\/\/teens.cittanuova.it\/i-care\/contribuisci-a-posta-teens\/&#8221;][vc_column_text]<\/p>\n<h3 style=\"height: 25px; line-height: 20px; margin-bottom: 5px;\"><a href=\"https:\/\/teens.cittanuova.it\/i-care\/contribuisci-a-posta-teens\/\">Pubblicitaria 2018 \/ 05<\/a><\/h3>\n<p>[\/vc_column_text][\/vc_column_inner][\/vc_row_inner][vc_empty_space height=&#8221;20px&#8221;][vc_row_inner][vc_column_inner width=&#8221;1\/4&#8243;][vc_single_image image=&#8221;7634&#8243; img_size=&#8221;full&#8221; onclick=&#8221;custom_link&#8221; link=&#8221;\/i-care\/fiera-primavera\/&#8221;][vc_column_text]<\/p>\n<h3 style=\"height: 25px; line-height: 20px; margin-bottom: 5px;\"><a href=\"https:\/\/teens.cittanuova.it\/i-care\/fiera-primavera\/\">Pubblicitaria 2018 \/ 04<\/a><\/h3>\n<p>[\/vc_column_text][\/vc_column_inner][vc_column_inner width=&#8221;1\/4&#8243;][vc_single_image image=&#8221;7633&#8243; img_size=&#8221;full&#8221; onclick=&#8221;custom_link&#8221; link=&#8221;\/i-care\/sunrise-ecuador\/&#8221;][vc_column_text]<\/p>\n<h3 style=\"height: 25px; line-height: 20px; margin-bottom: 5px;\"><a href=\"https:\/\/teens.cittanuova.it\/i-care\/sunrise-ecuador\/\">Pubblicitaria 2018 \/ 03<\/a><\/h3>\n<p>[\/vc_column_text][\/vc_column_inner][vc_column_inner width=&#8221;1\/4&#8243;][vc_single_image image=&#8221;7632&#8243; img_size=&#8221;full&#8221; onclick=&#8221;custom_link&#8221; link=&#8221;\/i-care\/fare-sistema\/&#8221;][vc_column_text]<\/p>\n<h3 style=\"height: 25px; line-height: 20px; margin-bottom: 5px;\"><a href=\"https:\/\/teens.cittanuova.it\/i-care\/fare-sistema\/\">Pubblicitaria 2018 \/ 02<\/a><\/h3>\n<p>[\/vc_column_text][\/vc_column_inner][vc_column_inner width=&#8221;1\/4&#8243;][vc_single_image image=&#8221;7630&#8243; img_size=&#8221;full&#8221; onclick=&#8221;custom_link&#8221; link=&#8221;\/i-care\/egitto-chance-for-tomorrow\/&#8221;][vc_column_text]<\/p>\n<h3 style=\"height: 25px; line-height: 20px; margin-bottom: 5px;\"><a href=\"https:\/\/teens.cittanuova.it\/i-care\/egitto-chance-for-tomorrow\/\">Pubblicitaria 2018 \/ 01<\/a><\/h3>\n<p>[\/vc_column_text][\/vc_column_inner][\/vc_row_inner][vc_empty_space height=&#8221;20px&#8221;][vc_row_inner][vc_column_inner width=&#8221;1\/4&#8243;][vc_single_image image=&#8221;7636&#8243; img_size=&#8221;full&#8221; onclick=&#8221;custom_link&#8221; img_link_target=&#8221;_blank&#8221; link=&#8221;\/i-care\/scuole-in-concorso-per-la-pace\/&#8221;][vc_column_text]<\/p>\n<h3 style=\"height: 25px; line-height: 20px; margin-bottom: 5px;\"><a href=\"https:\/\/teens.cittanuova.it\/i-care\/scuole-in-concorso-per-la-pace\/\">Pubblicitaria 2017 \/ 06<\/a><\/h3>\n<p>[\/vc_column_text][\/vc_column_inner][vc_column_inner width=&#8221;1\/4&#8243;][\/vc_column_inner][vc_column_inner width=&#8221;1\/4&#8243;][\/vc_column_inner][vc_column_inner width=&#8221;1\/4&#8243;][\/vc_column_inner][\/vc_row_inner][\/vc_column][\/vc_row]<\/p>\n","protected":false},"excerpt":{"rendered":"<p>[vc_row][vc_column][vc_empty_space height=&#8221;10px&#8221;][vc_row_inner][vc_column_inner width=&#8221;1\/2&#8243;][vc_column_text]Teens4Teens es un programa que involucra, a trav\u00e9s de proyectos, acciones e iniciativas a Chicos por un Mundo Unido, los y las adolescentes del Movimiento de los Focolares y a la AMU. T4T permite experimentar la &#8220;cultura del compartir&#8221;.[\/vc_column_text][\/vc_column_inner][vc_column_inner width=&#8221;1\/2&#8243;][vc_column_text]Cada clase o escuela participante puede &#8220;adoptar&#8221; un proyecto, apoyarlo econ\u00f3micamente, pero sobre todo [&hellip;] <a class=\"g1-link g1-link-more\" href=\"https:\/\/teens.cittanuova.it\/es\/i-care\/\">More<\/a><\/p>\n","protected":false},"author":1,"featured_media":0,"parent":0,"menu_order":0,"comment_status":"closed","ping_status":"closed","template":"g1-template-page-full.php","meta":[],"wps_subtitle":"","_links":{"self":[{"href":"https:\/\/teens.cittanuova.it\/es\/wp-json\/wp\/v2\/pages\/9141"}],"collection":[{"href":"https:\/\/teens.cittanuova.it\/es\/wp-json\/wp\/v2\/pages"}],"about":[{"href":"https:\/\/teens.cittanuova.it\/es\/wp-json\/wp\/v2\/types\/page"}],"author":[{"embeddable":true,"href":"https:\/\/teens.cittanuova.it\/es\/wp-json\/wp\/v2\/users\/1"}],"replies":[{"embeddable":true,"href":"https:\/\/teens.cittanuova.it\/es\/wp-json\/wp\/v2\/comments?post=9141"}],"version-history":[{"count":4,"href":"https:\/\/teens.cittanuova.it\/es\/wp-json\/wp\/v2\/pages\/9141\/revisions"}],"predecessor-version":[{"id":10306,"href":"https:\/\/teens.cittanuova.it\/es\/wp-json\/wp\/v2\/pages\/9141\/revisions\/10306"}],"wp:attachment":[{"href":"https:\/\/teens.cittanuova.it\/es\/wp-json\/wp\/v2\/media?parent=9141"}],"curies":[{"name":"wp","href":"https:\/\/api.w.org\/{rel}","templated":true}]}}