{"id":9154,"date":"2019-02-18T09:54:58","date_gmt":"2019-02-18T08:54:58","guid":{"rendered":"https:\/\/teens.cittanuova.it\/storia\/"},"modified":"2021-03-15T08:14:23","modified_gmt":"2021-03-15T07:14:23","slug":"storia","status":"publish","type":"page","link":"https:\/\/teens.cittanuova.it\/es\/storia\/","title":{"rendered":"Historia"},"content":{"rendered":"<p>[vc_row el_id=&#8221;archivio&#8221;][vc_column el_id=&#8221;4unity&#8221;][vc_empty_space height=&#8221;10px&#8221;][vc_single_image image=&#8221;8475&#8243; img_size=&#8221;full&#8221;][vc_column_text css=&#8221;.vc_custom_1615792279630{margin-top: -5px !important;}&#8221;]<\/p>\n<blockquote><p><strong>\u00a1Juntos para alcanzar metas!<br \/>\n<\/strong>UUna mirada sobre el mundo con el objetivo de dar a conocer noticias positivas, &#8220;good news\u201d, que se hacen en todas partes por y para los j\u00f3venes.<\/p><\/blockquote>\n<p>[\/vc_column_text][vc_row_inner][vc_column_inner width=&#8221;1\/2&#8243;][vc_column_text]<span style=\"font-size: 18px; line-height: 28px;\">\u00bfQu\u00e9 lindo ser\u00eda de vez en cuando apagar la tele o cerrar el diario y no haber visto ni una de las im\u00e1genes crudas que llegan de pa\u00edses en guerra, para mantener encendida la llama de la esperanza en nuestros corazones? \u201d(Ayman, 15 a\u00f1os, nac\u00f3 en Qaraqosh, Irak, un pa\u00eds en constante lucha contra un enemigo llamado terrorismo).<\/span>[\/vc_column_text][vc_empty_space height=&#8221;20px&#8221;][vc_single_image image=&#8221;8483&#8243; img_size=&#8221;full&#8221;][\/vc_column_inner][vc_column_inner width=&#8221;1\/2&#8243;][vc_column_text]<span style=\"font-size: 18px; line-height: 28px;\"><span class=\"h-news\">Nosotros los Chicos por Un Mundo unido, teniendo en cuenta la importancia de la comunicaci\u00f3n para acercar personas, pueblos y culturas, nos comprometemos a &#8230; empezar con una sonrisa, hacer que el otro se sienta libre para comunicarse, utilizando todos los medios de comunicaci\u00f3n. disponibles, conscientes de la prioridad de la comunicaci\u00f3n cara a cara\u2026.<\/span><\/span>[\/vc_column_text][vc_empty_space height=&#8221;20px&#8221;][vc_single_image image=&#8221;8489&#8243; img_size=&#8221;full&#8221;][\/vc_column_inner][\/vc_row_inner][\/vc_column][\/vc_row][vc_row][vc_column][vc_column_text][\/vc_column_text][\/vc_column][\/vc_row]<\/p>\n","protected":false},"excerpt":{"rendered":"<p>[vc_row el_id=&#8221;archivio&#8221;][vc_column el_id=&#8221;4unity&#8221;][vc_empty_space height=&#8221;10px&#8221;][vc_single_image image=&#8221;8475&#8243; img_size=&#8221;full&#8221;][vc_column_text css=&#8221;.vc_custom_1615792279630{margin-top: -5px !important;}&#8221;] \u00a1Juntos para alcanzar metas! UUna mirada sobre el mundo con el objetivo de dar a conocer noticias positivas, &#8220;good news\u201d, que se hacen en todas partes por y para los j\u00f3venes. [\/vc_column_text][vc_row_inner][vc_column_inner width=&#8221;1\/2&#8243;][vc_column_text]\u00bfQu\u00e9 lindo ser\u00eda de vez en cuando apagar la tele o cerrar el diario [&hellip;] <a class=\"g1-link g1-link-more\" href=\"https:\/\/teens.cittanuova.it\/es\/storia\/\">More<\/a><\/p>\n","protected":false},"author":1,"featured_media":0,"parent":0,"menu_order":0,"comment_status":"closed","ping_status":"closed","template":"g1-template-page-full.php","meta":[],"wps_subtitle":"","_links":{"self":[{"href":"https:\/\/teens.cittanuova.it\/es\/wp-json\/wp\/v2\/pages\/9154"}],"collection":[{"href":"https:\/\/teens.cittanuova.it\/es\/wp-json\/wp\/v2\/pages"}],"about":[{"href":"https:\/\/teens.cittanuova.it\/es\/wp-json\/wp\/v2\/types\/page"}],"author":[{"embeddable":true,"href":"https:\/\/teens.cittanuova.it\/es\/wp-json\/wp\/v2\/users\/1"}],"replies":[{"embeddable":true,"href":"https:\/\/teens.cittanuova.it\/es\/wp-json\/wp\/v2\/comments?post=9154"}],"version-history":[{"count":7,"href":"https:\/\/teens.cittanuova.it\/es\/wp-json\/wp\/v2\/pages\/9154\/revisions"}],"predecessor-version":[{"id":10301,"href":"https:\/\/teens.cittanuova.it\/es\/wp-json\/wp\/v2\/pages\/9154\/revisions\/10301"}],"wp:attachment":[{"href":"https:\/\/teens.cittanuova.it\/es\/wp-json\/wp\/v2\/media?parent=9154"}],"curies":[{"name":"wp","href":"https:\/\/api.w.org\/{rel}","templated":true}]}}