{"id":9501,"date":"2021-01-28T15:53:22","date_gmt":"2021-01-28T14:53:22","guid":{"rendered":"https:\/\/teens.cittanuova.it\/redazione-conosur\/"},"modified":"2021-01-29T18:32:58","modified_gmt":"2021-01-29T17:32:58","slug":"redazione-conosur","status":"publish","type":"page","link":"https:\/\/teens.cittanuova.it\/es\/redazione-conosur\/","title":{"rendered":"Redazione Conosur | ARG | CHI | URU | PAR |"},"content":{"rendered":"\n<figure class=\"wp-block-pullquote\" style=\"border-color:#0693e3\"><blockquote><p>Estamos muy agradecidos, yo al menos, porque sin ustedes no podr\u00edamos haber hecho nada, y nos abrieron las puertas, nos recibieron s\u00faper bien.&nbsp; Es un trabajo que hicimos entre todos, nos ayudaron un mont\u00f3n, con toda la buena onda, con toda la predisposici\u00f3n, siempre atentos a nuestras dudas, a nuestras consultas. Gracias<\/p><cite>Francisco (C\u00f3rdoba)<\/cite><\/blockquote><\/figure>\n\n\n\n<div class=\"wp-block-image is-style-default\"><figure class=\"aligncenter size-large\"><img data-expand=\"600\" loading=\"lazy\" width=\"1024\" height=\"336\" src=\"data:image\/svg+xml;charset=utf-8,%3Csvg xmlns%3D'http%3A%2F%2Fwww.w3.org%2F2000%2Fsvg' viewBox%3D'0 0 1024 336'%2F%3E\" data-src=\"https:\/\/teens.cittanuova.it\/wp-content\/uploads\/2021\/01\/1920x630_Es_Redazione01-1-1024x336.jpg\" alt=\"\" class=\"lazyload wp-image-9423\" data-srcset=\"https:\/\/teens.cittanuova.it\/wp-content\/uploads\/2021\/01\/1920x630_Es_Redazione01-1-1024x336.jpg 1024w, https:\/\/teens.cittanuova.it\/wp-content\/uploads\/2021\/01\/1920x630_Es_Redazione01-1-300x98.jpg 300w, https:\/\/teens.cittanuova.it\/wp-content\/uploads\/2021\/01\/1920x630_Es_Redazione01-1-768x252.jpg 768w, https:\/\/teens.cittanuova.it\/wp-content\/uploads\/2021\/01\/1920x630_Es_Redazione01-1-1536x504.jpg 1536w, https:\/\/teens.cittanuova.it\/wp-content\/uploads\/2021\/01\/1920x630_Es_Redazione01-1-561x184.jpg 561w, https:\/\/teens.cittanuova.it\/wp-content\/uploads\/2021\/01\/1920x630_Es_Redazione01-1-1122x368.jpg 1122w, https:\/\/teens.cittanuova.it\/wp-content\/uploads\/2021\/01\/1920x630_Es_Redazione01-1-364x119.jpg 364w, https:\/\/teens.cittanuova.it\/wp-content\/uploads\/2021\/01\/1920x630_Es_Redazione01-1-728x239.jpg 728w, https:\/\/teens.cittanuova.it\/wp-content\/uploads\/2021\/01\/1920x630_Es_Redazione01-1-608x200.jpg 608w, https:\/\/teens.cittanuova.it\/wp-content\/uploads\/2021\/01\/1920x630_Es_Redazione01-1-758x249.jpg 758w, https:\/\/teens.cittanuova.it\/wp-content\/uploads\/2021\/01\/1920x630_Es_Redazione01-1-1152x378.jpg 1152w, https:\/\/teens.cittanuova.it\/wp-content\/uploads\/2021\/01\/1920x630_Es_Redazione01-1-146x48.jpg 146w, https:\/\/teens.cittanuova.it\/wp-content\/uploads\/2021\/01\/1920x630_Es_Redazione01-1-293x96.jpg 293w, https:\/\/teens.cittanuova.it\/wp-content\/uploads\/2021\/01\/1920x630_Es_Redazione01-1-313x103.jpg 313w, https:\/\/teens.cittanuova.it\/wp-content\/uploads\/2021\/01\/1920x630_Es_Redazione01-1.jpg 1920w\" data-sizes=\"(max-width: 1024px) 100vw, 1024px\" \/><figcaption>Momentos de trabajo del equipo editorial<\/figcaption><\/figure><\/div>\n\n\n\n<blockquote class=\"wp-block-quote\"><p>Es un espacio donde cada uno puede buscar sus intereses, pudimos armar una lista de los temas que quer\u00edamos hablar, de qu\u00e9 quer\u00edamos investigar, de qu\u00e9 quer\u00edamos que se escuche en los diferentes medios que tenemos (radio, web, revista) y eso est\u00e1 buen\u00edsimo, y no hay otro espacio en la Obras as\u00ed para los j\u00f3venes, a menos que los j\u00f3venes nos lo propongamos, no hay otros espacios para participar as\u00ed que eso tambi\u00e9n es importante, el proyecto como servicio de la Obra hacia los adolescentes. Y estar\u00eda s\u00faper que la revista Teens cobre fuerza.<\/p><cite>Mar\u00eda Paula (CABA)<\/cite><\/blockquote>\n\n\n\n<div class=\"wp-container-4 wp-block-group\"><div class=\"wp-block-group__inner-container\">\n<h2 class=\"has-text-align-center has-text-color\" style=\"font-size:38px;color:#ba0c49\">Todo lo dijeron, estos de acuerdo con todo lo que dijeron los chicos. Gracias por danos este espacio. <em><sub>Rosario (CABA)<\/sub><\/em><\/h2>\n\n\n\n<div class=\"wp-container-3 wp-block-columns\">\n<div class=\"wp-container-1 wp-block-column\">\n<p class=\"has-luminous-vivid-amber-background-color has-background\" style=\"font-size:19px\"><strong>Quer\u00eda agradecer la oportunidad que nos dieron a todos de conocernos,<\/strong> de llevar a cabo el proyecto, aunque haya sido todo por zoom cada uno desde sus casas lograr trabajar todos juntos, pensar las entrevistas, realizar las preguntas, ver la informaci\u00f3n<strong> \u00a1Es un logro genial! <\/strong>Estoy muy agradecida con Yani, Santi con Carlos, con la relaci\u00f3n que se cre\u00f3 con todos.<br><strong>Vania (Paraguay)<\/strong><\/p>\n<\/div>\n\n\n\n<div class=\"wp-container-2 wp-block-column\">\n<p class=\"has-pale-cyan-blue-background-color has-background\" style=\"font-size:19px\"><strong>Quer\u00eda agradecerles mucho, mucho.<\/strong> En un principio, charlaba con Yani porque no me sent\u00eda parte, c\u00f3moda porqu\u00e9 eran todos m\u00e1s grandes y luego ya me sent\u00ed muy parte, por eso quiero agradecerle a cada uno por eso.<br><strong>Une (Mendoza)<\/strong><\/p>\n<\/div>\n<\/div>\n<\/div><\/div>\n\n\n\n<blockquote class=\"wp-block-quote\"><p>Me gust\u00f3 mucho el grupo, si bien me gusta la educaci\u00f3n como carrera a futuro, me encant\u00f3 la propuesta, participar, y conocer todo el mundo de la comunicaci\u00f3n que no estaba tan familiarizada, a valorar el papel de la comunicaci\u00f3n y me sirve tambi\u00e9n para mi presente y futuro.<\/p><cite>Sof\u00eda (Tierra del Fuego)<\/cite><\/blockquote>\n\n\n\n<div class=\"wp-container-8 wp-block-columns\">\n<div class=\"wp-container-5 wp-block-column\">\n<figure class=\"wp-block-image size-large\"><img data-expand=\"600\" loading=\"lazy\" width=\"665\" height=\"445\" src=\"data:image\/svg+xml;charset=utf-8,%3Csvg xmlns%3D'http%3A%2F%2Fwww.w3.org%2F2000%2Fsvg' viewBox%3D'0 0 665 445'%2F%3E\" data-src=\"https:\/\/teens.cittanuova.it\/wp-content\/uploads\/2021\/01\/665x445_Redazione_Prova_3.jpg\" alt=\"\" class=\"lazyload wp-image-9487\" data-srcset=\"https:\/\/teens.cittanuova.it\/wp-content\/uploads\/2021\/01\/665x445_Redazione_Prova_3.jpg 665w, https:\/\/teens.cittanuova.it\/wp-content\/uploads\/2021\/01\/665x445_Redazione_Prova_3-300x201.jpg 300w, https:\/\/teens.cittanuova.it\/wp-content\/uploads\/2021\/01\/665x445_Redazione_Prova_3-180x120.jpg 180w, https:\/\/teens.cittanuova.it\/wp-content\/uploads\/2021\/01\/665x445_Redazione_Prova_3-561x375.jpg 561w, https:\/\/teens.cittanuova.it\/wp-content\/uploads\/2021\/01\/665x445_Redazione_Prova_3-364x244.jpg 364w, https:\/\/teens.cittanuova.it\/wp-content\/uploads\/2021\/01\/665x445_Redazione_Prova_3-608x407.jpg 608w, https:\/\/teens.cittanuova.it\/wp-content\/uploads\/2021\/01\/665x445_Redazione_Prova_3-72x48.jpg 72w, https:\/\/teens.cittanuova.it\/wp-content\/uploads\/2021\/01\/665x445_Redazione_Prova_3-143x96.jpg 143w, https:\/\/teens.cittanuova.it\/wp-content\/uploads\/2021\/01\/665x445_Redazione_Prova_3-313x209.jpg 313w\" data-sizes=\"(max-width: 665px) 100vw, 665px\" \/><\/figure>\n\n\n\n<p class=\"has-drop-cap has-luminous-vivid-amber-background-color has-background\">Agradecer un mont\u00f3n a cada uno, fue un grupo muy lindo. Nunca sent\u00ed que mi opini\u00f3n no contaba y eso estuvo muy bueno.&nbsp; <strong>Me gusta mucho la comunicaci\u00f3n, pero al mismo tiempo siempre me preguntaba si no puede haber una informaci\u00f3n m\u00e1s real, m\u00e1s sincera, <\/strong>m\u00e1s linda y sent\u00ed que ac\u00e1 logramos trabajar en eso, en buscar, investigar y dar esa informaci\u00f3n.&nbsp; Me gust\u00f3 mucho, me sent\u00ed parte de generar este tipo de comunicaci\u00f3n. Cuando me anot\u00e9 para participar no sab\u00eda mucho de qu\u00e9 se iba a tratar, qui\u00e9nes iban a estar, me anot\u00e9 como cuando te tir\u00e1s a la pileta, total sab\u00eda que si no me gustaba pod\u00eda dejarlo, pero me conect\u00e9 a casi todos los zooms, porque realmente sent\u00eda que val\u00eda la pena.&nbsp; Gracias a cada uno y creo que muchos m\u00e1s tienen que enterarse y poder participar de este proyecto porque vale la pena y vivir esto qu\u00e9 existe ese lado bueno de la comunicaci\u00f3n. Los quiero.<br><strong>Constanza (Bs As)<\/strong><\/p>\n<\/div>\n\n\n\n<div class=\"wp-container-6 wp-block-column\">\n<figure class=\"wp-block-image size-large\"><img data-expand=\"600\" loading=\"lazy\" width=\"665\" height=\"445\" src=\"data:image\/svg+xml;charset=utf-8,%3Csvg xmlns%3D'http%3A%2F%2Fwww.w3.org%2F2000%2Fsvg' viewBox%3D'0 0 665 445'%2F%3E\" data-src=\"https:\/\/teens.cittanuova.it\/wp-content\/uploads\/2021\/01\/665x445_Redazione_Prova_2.jpg\" alt=\"\" class=\"lazyload wp-image-9480\" data-srcset=\"https:\/\/teens.cittanuova.it\/wp-content\/uploads\/2021\/01\/665x445_Redazione_Prova_2.jpg 665w, https:\/\/teens.cittanuova.it\/wp-content\/uploads\/2021\/01\/665x445_Redazione_Prova_2-300x201.jpg 300w, https:\/\/teens.cittanuova.it\/wp-content\/uploads\/2021\/01\/665x445_Redazione_Prova_2-180x120.jpg 180w, https:\/\/teens.cittanuova.it\/wp-content\/uploads\/2021\/01\/665x445_Redazione_Prova_2-561x375.jpg 561w, https:\/\/teens.cittanuova.it\/wp-content\/uploads\/2021\/01\/665x445_Redazione_Prova_2-364x244.jpg 364w, https:\/\/teens.cittanuova.it\/wp-content\/uploads\/2021\/01\/665x445_Redazione_Prova_2-608x407.jpg 608w, https:\/\/teens.cittanuova.it\/wp-content\/uploads\/2021\/01\/665x445_Redazione_Prova_2-72x48.jpg 72w, https:\/\/teens.cittanuova.it\/wp-content\/uploads\/2021\/01\/665x445_Redazione_Prova_2-143x96.jpg 143w, https:\/\/teens.cittanuova.it\/wp-content\/uploads\/2021\/01\/665x445_Redazione_Prova_2-313x209.jpg 313w\" data-sizes=\"(max-width: 665px) 100vw, 665px\" \/><\/figure>\n\n\n\n<p class=\"has-drop-cap has-pale-cyan-blue-background-color has-background\">Me encant\u00f3 poder trabajar sobre temas que nos interesan ya que, por ejemplo, en mi colegio nunca se nos dio el espacio para poder buscar, escribir sobre temas que nos llamen la atenci\u00f3n. <strong>Ac\u00e1 fue distintos, nos dieron la posibilidad de elegir los temas, buscar profesionales para desarrollarlos, investigar. <\/strong>Vimos rengl\u00f3n por rengl\u00f3n la notas, ustedes estaban muy atentos a cada detalle de lo que \u00edbamos armando y hac\u00eda que todo est\u00e9 bien o que salga lo mejor posible cada nota, art\u00edculo, entrevista. Tambi\u00e9n pude conocer un mont\u00f3n de gente que de otra forma ser\u00eda imposible, adem\u00e1s que hayamos logrado vernos durante todo el a\u00f1o y conectarnos desde Chaco hasta Tierra del Fuego, Paraguay.&nbsp; Cada mi\u00e9rcoles sab\u00edamos que est\u00e1bamos que a cierta hora nos conect\u00e1bamos al zoom. Me pareci\u00f3 algo s\u00faper lindo y me ayudo bastante. Muy agradecida a todos.&nbsp;<br><strong>Mar\u00eda (Chaco)<\/strong><\/p>\n<\/div>\n\n\n\n<div class=\"wp-container-7 wp-block-column\">\n<figure class=\"wp-block-image size-large is-style-default\"><img data-expand=\"600\" loading=\"lazy\" width=\"665\" height=\"445\" src=\"data:image\/svg+xml;charset=utf-8,%3Csvg xmlns%3D'http%3A%2F%2Fwww.w3.org%2F2000%2Fsvg' viewBox%3D'0 0 665 445'%2F%3E\" data-src=\"https:\/\/teens.cittanuova.it\/wp-content\/uploads\/2021\/01\/665x445_Redazione_Prova_1.jpg\" alt=\"\" class=\"lazyload wp-image-9473\" data-srcset=\"https:\/\/teens.cittanuova.it\/wp-content\/uploads\/2021\/01\/665x445_Redazione_Prova_1.jpg 665w, https:\/\/teens.cittanuova.it\/wp-content\/uploads\/2021\/01\/665x445_Redazione_Prova_1-300x201.jpg 300w, https:\/\/teens.cittanuova.it\/wp-content\/uploads\/2021\/01\/665x445_Redazione_Prova_1-180x120.jpg 180w, https:\/\/teens.cittanuova.it\/wp-content\/uploads\/2021\/01\/665x445_Redazione_Prova_1-561x375.jpg 561w, https:\/\/teens.cittanuova.it\/wp-content\/uploads\/2021\/01\/665x445_Redazione_Prova_1-364x244.jpg 364w, https:\/\/teens.cittanuova.it\/wp-content\/uploads\/2021\/01\/665x445_Redazione_Prova_1-608x407.jpg 608w, https:\/\/teens.cittanuova.it\/wp-content\/uploads\/2021\/01\/665x445_Redazione_Prova_1-72x48.jpg 72w, https:\/\/teens.cittanuova.it\/wp-content\/uploads\/2021\/01\/665x445_Redazione_Prova_1-143x96.jpg 143w, https:\/\/teens.cittanuova.it\/wp-content\/uploads\/2021\/01\/665x445_Redazione_Prova_1-313x209.jpg 313w\" data-sizes=\"(max-width: 665px) 100vw, 665px\" \/><\/figure>\n\n\n\n<p class=\"has-drop-cap has-light-green-cyan-background-color has-background\">De mi parte, agradecer tambi\u00e9n por toda la confianza y oportunidad que me dieron para estar al frente del proyecto, acompa\u00f1ar a todo este lindo equipo que se fue consolidando, hemos crecido juntos. Sumado al&nbsp; sost\u00e9n y trabajo en equipo con Carlos y Santiago desde Ciudad Nueva que ha sido fundamental para amalgamar todo y dar a luz lo producido.&nbsp;&nbsp;<strong>Al mismo tiempo,&nbsp; me parece importante destacar que c\u00f3mo servicio de la Obra para los teens creo que es un espacio&nbsp; muy valioso. <\/strong>Felicidades para cada uno!!!<br><strong>1 Yani<\/strong><\/p>\n<\/div>\n<\/div>\n\n\n\n<div class=\"wp-container-10 wp-block-group\"><div class=\"wp-block-group__inner-container\">\n<div class=\"wp-container-9 wp-block-columns\"><\/div>\n<\/div><\/div>\n\n\n\n<div class=\"wp-container-11 wp-block-group\"><div class=\"wp-block-group__inner-container\">\n<figure class=\"wp-block-pullquote\" style=\"border-color:#0693e3\"><blockquote class=\"has-text-color has-vivid-cyan-blue-color\"><p>Gracias a cada uno, me cuesta mucho hablar, pero ya los chicos dijeron todo lo que siento, tambi\u00e9n me anot\u00e9 sin saber nada y contin\u00fae en los zoom durante todo el a\u00f1o muy contenta. Gracias<\/p><cite>Mar\u00eda Emilia (Chubut)<\/cite><\/blockquote><\/figure>\n<\/div><\/div>\n\n\n\n<div class=\"wp-container-12 wp-block-columns\"><\/div>\n\n\n\n<p><\/p>\n","protected":false},"excerpt":{"rendered":"<p>Estamos muy agradecidos, yo al menos, porque sin ustedes no podr\u00edamos haber hecho nada, y nos abrieron las puertas, nos recibieron s\u00faper bien.&nbsp; Es un trabajo que hicimos entre todos, nos ayudaron un mont\u00f3n, con toda la buena onda, con toda la predisposici\u00f3n, siempre atentos a nuestras dudas, a nuestras consultas. Gracias Francisco (C\u00f3rdoba) Es [&hellip;] <a class=\"g1-link g1-link-more\" href=\"https:\/\/teens.cittanuova.it\/es\/redazione-conosur\/\">More<\/a><\/p>\n","protected":false},"author":3,"featured_media":9115,"parent":0,"menu_order":0,"comment_status":"open","ping_status":"closed","template":"g1-template-page-full.php","meta":[],"wps_subtitle":"","_links":{"self":[{"href":"https:\/\/teens.cittanuova.it\/es\/wp-json\/wp\/v2\/pages\/9501"}],"collection":[{"href":"https:\/\/teens.cittanuova.it\/es\/wp-json\/wp\/v2\/pages"}],"about":[{"href":"https:\/\/teens.cittanuova.it\/es\/wp-json\/wp\/v2\/types\/page"}],"author":[{"embeddable":true,"href":"https:\/\/teens.cittanuova.it\/es\/wp-json\/wp\/v2\/users\/3"}],"replies":[{"embeddable":true,"href":"https:\/\/teens.cittanuova.it\/es\/wp-json\/wp\/v2\/comments?post=9501"}],"version-history":[{"count":4,"href":"https:\/\/teens.cittanuova.it\/es\/wp-json\/wp\/v2\/pages\/9501\/revisions"}],"predecessor-version":[{"id":9584,"href":"https:\/\/teens.cittanuova.it\/es\/wp-json\/wp\/v2\/pages\/9501\/revisions\/9584"}],"wp:featuredmedia":[{"embeddable":true,"href":"https:\/\/teens.cittanuova.it\/es\/wp-json\/wp\/v2\/media\/9115"}],"wp:attachment":[{"href":"https:\/\/teens.cittanuova.it\/es\/wp-json\/wp\/v2\/media?parent=9501"}],"curies":[{"name":"wp","href":"https:\/\/api.w.org\/{rel}","templated":true}]}}