{"id":8619,"date":"2019-02-18T10:28:00","date_gmt":"2019-02-18T09:28:00","guid":{"rendered":"https:\/\/teens.cittanuova.it\/redazione\/"},"modified":"2021-03-17T11:38:07","modified_gmt":"2021-03-17T10:38:07","slug":"redazione","status":"publish","type":"page","link":"https:\/\/teens.cittanuova.it\/fr\/redazione\/","title":{"rendered":"La R\u00e9daction"},"content":{"rendered":"<p>[vc_row][vc_column][vc_empty_space height=&#8221;10px&#8221;][vc_single_image image=&#8221;8154&#8243; img_size=&#8221;full&#8221; onclick=&#8221;custom_link&#8221; img_link_target=&#8221;_blank&#8221; link=&#8221;https:\/\/www.cittanuova.it\/riviste\/9772499790168\/&#8221;][vc_column_text]<span style=\"font-size: 18px; line-height: 28px;\"> <span class=\"h-news\">Avec une \u00e9quipe \u00e9ditoriale compos\u00e9e de juniors, nous voulions cr\u00e9er une revue qui rejoint nos copains, dans diff\u00e9rents environnements, en commen\u00e7ant par nos \u00e9coles.<br \/>\nDepuis le d\u00e9but, l\u2019id\u00e9e \u00e9tait que la revue \u201cTeens\u201d devienne internationale, et que les \u00e9quipes de r\u00e9dactions se multiplient pour raconter, vu par nos yeux d\u2019adolescents des 5 continents, ce qui se passe dans le monde.<br \/>\nActuellement des \u00e9quipes de r\u00e9dactions existent en Argentine, au Chili, au Paraguay, en Uruguay, au Br\u00e9sil, au Panama, aux USA, au Portugal, en Italie, en Espagne, en Hongrie, aux Philippines, en Inde, au Kenya \u2026<br \/>\nOn travaille tous de chez nous, mais nous restons connect\u00e9s ensemble gr\u00e2ce \u00e0 nos RDVs en ligne.<br \/>\n<\/span>[\/vc_column_text][vc_empty_space height=&#8221;5px&#8221;][vc_row_inner][vc_column_inner width=&#8221;1\/3&#8243;][vc_column_text css_animation=&#8221;bounceIn&#8221;]<\/span><\/p>\n<h3 style=\"margin-bottom: 15px;\"><span style=\"color: #993366;\">ENTRE DANS TA R\u00c9DACTION <\/span><\/h3>\n<p><span style=\"font-size: 18px; line-height: 28px;\">Bonjour, les \u00e9quipes de r\u00e9daction Teens du monde entier te souhaitent la bienvenue. \u00c7a te dit de faire partie de l\u2019\u00e9quipe ? Tout seul ou avec ta classe, tu peux nous envoyer vos contributions en cliquant :<a href=\"https:\/\/teens.cittanuova.it\/io-scrivo\/\">ICI<\/a>:<\/span><\/p>\n<p><span style=\"font-size: 18px; line-height: 28px;\"><br \/>\n<a href=\"https:\/\/teens.cittanuova.it\/io-scrivo\/\"><img data-expand=\"600\" loading=\"lazy\" class=\"lazyload size-full wp-image-8755 aligncenter\" src=\"data:image\/svg+xml;charset=utf-8,%3Csvg xmlns%3D'http%3A%2F%2Fwww.w3.org%2F2000%2Fsvg' viewBox%3D'0 0 217 208'%2F%3E\" data-src=\"https:\/\/teens.cittanuova.it\/wp-content\/uploads\/2021\/01\/Icon_Pen2.png\" alt=\"\" width=\"217\" height=\"208\" data-srcset=\"https:\/\/teens.cittanuova.it\/wp-content\/uploads\/2021\/01\/Icon_Pen2.png 217w, https:\/\/teens.cittanuova.it\/wp-content\/uploads\/2021\/01\/Icon_Pen2-50x48.png 50w, https:\/\/teens.cittanuova.it\/wp-content\/uploads\/2021\/01\/Icon_Pen2-100x96.png 100w\" data-sizes=\"(max-width: 217px) 100vw, 217px\" \/><br \/>\n<\/a><br \/>\n<\/span>[\/vc_column_text][\/vc_column_inner][vc_column_inner width=&#8221;1\/3&#8243;][vc_column_text]<\/p>\n<h3 style=\"margin-bottom: 15px;\">\u00c0 TON TOUR !<\/h3>\n<p><span style=\"font-size: 18px; line-height: 28px;\">Si tu veux faire juste un post, un &#8220;j&#8217;aime&#8221;, une suggestion, parler d\u2019une envie, transmettre une attente, demander un sujet &#8230; ta contribution est la bienvenue !<\/span><\/p>\n<p><img data-expand=\"600\" loading=\"lazy\" class=\"lazyload size-full wp-image-8741 aligncenter\" src=\"data:image\/svg+xml;charset=utf-8,%3Csvg xmlns%3D'http%3A%2F%2Fwww.w3.org%2F2000%2Fsvg' viewBox%3D'0 0 208 208'%2F%3E\" data-src=\"https:\/\/teens.cittanuova.it\/wp-content\/uploads\/2021\/01\/Icon_Start-1.png\" alt=\"\" width=\"208\" height=\"208\" data-srcset=\"https:\/\/teens.cittanuova.it\/wp-content\/uploads\/2021\/01\/Icon_Start-1.png 208w, https:\/\/teens.cittanuova.it\/wp-content\/uploads\/2021\/01\/Icon_Start-1-150x150.png 150w, https:\/\/teens.cittanuova.it\/wp-content\/uploads\/2021\/01\/Icon_Start-1-192x192.png 192w, https:\/\/teens.cittanuova.it\/wp-content\/uploads\/2021\/01\/Icon_Start-1-110x110.png 110w, https:\/\/teens.cittanuova.it\/wp-content\/uploads\/2021\/01\/Icon_Start-1-48x48.png 48w, https:\/\/teens.cittanuova.it\/wp-content\/uploads\/2021\/01\/Icon_Start-1-96x96.png 96w\" data-sizes=\"(max-width: 208px) 100vw, 208px\" \/>[\/vc_column_text][\/vc_column_inner][vc_column_inner width=&#8221;1\/3&#8243;][vc_column_text]<\/p>\n<h3 style=\"margin-bottom: 15px;\">CR\u00c9ER UNE \u00c9QUIPE DE R\u00c9DACTION<\/h3>\n<p><span style=\"font-size: 18px; line-height: 28px;\">Tu souhaites constituer une \u00e9quipe de r\u00e9daction avec ta classe ou avec des amis ? Nous sommes disponibles pour vous accompagner dans cette belle aventure : \u00a0<span style=\"border-bottom: 2px solid #8ecbcf; margin: 0 3px;\"><a class=\"teens-link\" href=\"#\" target=\"_blank\" rel=\"noopener noreferrer\">\u00e9cris-nous-ici<\/a><\/span>\u00a0<\/span><\/p>\n<h3 style=\"margin-bottom: 15px;\"><img data-expand=\"600\" loading=\"lazy\" class=\"lazyload size-full wp-image-8704 aligncenter\" src=\"data:image\/svg+xml;charset=utf-8,%3Csvg xmlns%3D'http%3A%2F%2Fwww.w3.org%2F2000%2Fsvg' viewBox%3D'0 0 240 210'%2F%3E\" data-src=\"https:\/\/teens.cittanuova.it\/wp-content\/uploads\/2021\/01\/Icon_Redazione.png\" alt=\"\" width=\"240\" height=\"210\" data-srcset=\"https:\/\/teens.cittanuova.it\/wp-content\/uploads\/2021\/01\/Icon_Redazione.png 240w, https:\/\/teens.cittanuova.it\/wp-content\/uploads\/2021\/01\/Icon_Redazione-55x48.png 55w, https:\/\/teens.cittanuova.it\/wp-content\/uploads\/2021\/01\/Icon_Redazione-110x96.png 110w\" data-sizes=\"(max-width: 240px) 100vw, 240px\" \/><\/h3>\n<p>[\/vc_column_text][\/vc_column_inner][\/vc_row_inner][\/vc_column][\/vc_row][vc_row][vc_column][vc_single_image image=&#8221;10340&#8243; img_size=&#8221;medium&#8221; alignment=&#8221;center&#8221; onclick=&#8221;custom_link&#8221; link=&#8221;https:\/\/teens.cittanuova.it\/fr\/news\/dans-le-monde\/&#8221;][\/vc_column][\/vc_row][vc_row][vc_column][vc_column_text]<\/p>\n<p style=\"text-align: center;\">COMIT\u00c9 \u00c9DITORIAL <span style=\"color: #0000ff;\">DANS LE MONDE<\/span><\/p>\n<p>[\/vc_column_text][\/vc_column][\/vc_row]<\/p>\n","protected":false},"excerpt":{"rendered":"<p>[vc_row][vc_column][vc_empty_space height=&#8221;10px&#8221;][vc_single_image image=&#8221;8154&#8243; img_size=&#8221;full&#8221; onclick=&#8221;custom_link&#8221; img_link_target=&#8221;_blank&#8221; link=&#8221;https:\/\/www.cittanuova.it\/riviste\/9772499790168\/&#8221;][vc_column_text] Avec une \u00e9quipe \u00e9ditoriale compos\u00e9e de juniors, nous voulions cr\u00e9er une revue qui rejoint nos copains, dans diff\u00e9rents environnements, en commen\u00e7ant par nos \u00e9coles. Depuis le d\u00e9but, l\u2019id\u00e9e \u00e9tait que la revue \u201cTeens\u201d devienne internationale, et que les \u00e9quipes de r\u00e9dactions se multiplient pour raconter, vu par nos [&hellip;] <a class=\"g1-link g1-link-more\" href=\"https:\/\/teens.cittanuova.it\/fr\/redazione\/\">More<\/a><\/p>\n","protected":false},"author":1,"featured_media":0,"parent":0,"menu_order":0,"comment_status":"closed","ping_status":"closed","template":"g1-template-page-full.php","meta":[],"wps_subtitle":"","_links":{"self":[{"href":"https:\/\/teens.cittanuova.it\/fr\/wp-json\/wp\/v2\/pages\/8619"}],"collection":[{"href":"https:\/\/teens.cittanuova.it\/fr\/wp-json\/wp\/v2\/pages"}],"about":[{"href":"https:\/\/teens.cittanuova.it\/fr\/wp-json\/wp\/v2\/types\/page"}],"author":[{"embeddable":true,"href":"https:\/\/teens.cittanuova.it\/fr\/wp-json\/wp\/v2\/users\/1"}],"replies":[{"embeddable":true,"href":"https:\/\/teens.cittanuova.it\/fr\/wp-json\/wp\/v2\/comments?post=8619"}],"version-history":[{"count":61,"href":"https:\/\/teens.cittanuova.it\/fr\/wp-json\/wp\/v2\/pages\/8619\/revisions"}],"predecessor-version":[{"id":10474,"href":"https:\/\/teens.cittanuova.it\/fr\/wp-json\/wp\/v2\/pages\/8619\/revisions\/10474"}],"wp:attachment":[{"href":"https:\/\/teens.cittanuova.it\/fr\/wp-json\/wp\/v2\/media?parent=8619"}],"curies":[{"name":"wp","href":"https:\/\/api.w.org\/{rel}","templated":true}]}}