{"id":9261,"date":"2019-02-18T09:54:58","date_gmt":"2019-02-18T08:54:58","guid":{"rendered":"https:\/\/teens.cittanuova.it\/storia\/"},"modified":"2021-03-17T11:29:44","modified_gmt":"2021-03-17T10:29:44","slug":"storia","status":"publish","type":"page","link":"https:\/\/teens.cittanuova.it\/fr\/storia\/","title":{"rendered":"Histoire"},"content":{"rendered":"<p>[vc_row el_id=&#8221;archivio&#8221;][vc_column el_id=&#8221;4unity&#8221;][vc_empty_space height=&#8221;10px&#8221;][vc_single_image image=&#8221;8473&#8243; img_size=&#8221;full&#8221;][vc_column_text css=&#8221;.vc_custom_1615976909711{margin-top: -5px !important;}&#8221;]<\/p>\n<blockquote><p><strong>Ensemble pour atteindre nos objectifs !<br \/>\n<\/strong>Un regard sur le monde dans le but de donner des news sur le \u00ab plein de bonnes nouvelles \u00bb un peu de partout, des projets r\u00e9alis\u00e9s par et pour les juniors.<\/p><\/blockquote>\n<p>[\/vc_column_text][vc_row_inner][vc_column_inner width=&#8221;1\/2&#8243;][vc_column_text]<span style=\"font-size: 18px; line-height: 28px;\">QCe serait g\u00e9nial, de temps en temps, d\u2019\u00e9teindre la t\u00e9l\u00e9 ou fermer le journal, sans avoir vu aucune image cruelle ou brutale provenant des pays en guerre, pour tenir allum\u00e9e la flamme de l\u2019espoir dans nos c\u0153urs !<br \/>\n(Ayman, 15 ans, n\u00e9 \u00e0 Qaraqosh en Irak, un pays qui lutte toujours contre un ennemi appel\u00e9 terrorisme).<br \/>\n<\/span>[\/vc_column_text][vc_empty_space height=&#8221;20px&#8221;][vc_single_image image=&#8221;8481&#8243; img_size=&#8221;full&#8221;][\/vc_column_inner][vc_column_inner width=&#8221;1\/2&#8243;][vc_column_text]<span style=\"font-size: 18px; line-height: 28px;\"><span class=\"h-news\">Nous \u00ab juniors pour un monde uni \u00bb, conscients de l\u2019importance de la communication pour rapprocher les personnes, peuples et cultures, nous nous engageons \u00e0 \u2026 commencer par le sourire, faire en sorte que l&#8217;autre se sente libre de s\u2019ouvrir, en utilisant tous les moyens de communication disponibles, sans perdre de vue l\u2019importance de l\u2019\u00e9change face \u00e0 face \u2026<\/span>[\/vc_column_text][vc_empty_space height=&#8221;20px&#8221;][vc_single_image image=&#8221;8487&#8243; img_size=&#8221;full&#8221;][\/vc_column_inner][\/vc_row_inner][\/vc_column][\/vc_row][vc_row][vc_column][vc_column_text]<\/span>[\/vc_column_text][\/vc_column][\/vc_row]<\/p>\n","protected":false},"excerpt":{"rendered":"<p>[vc_row el_id=&#8221;archivio&#8221;][vc_column el_id=&#8221;4unity&#8221;][vc_empty_space height=&#8221;10px&#8221;][vc_single_image image=&#8221;8473&#8243; img_size=&#8221;full&#8221;][vc_column_text css=&#8221;.vc_custom_1615976909711{margin-top: -5px !important;}&#8221;] Ensemble pour atteindre nos objectifs ! Un regard sur le monde dans le but de donner des news sur le \u00ab plein de bonnes nouvelles \u00bb un peu de partout, des projets r\u00e9alis\u00e9s par et pour les juniors. [\/vc_column_text][vc_row_inner][vc_column_inner width=&#8221;1\/2&#8243;][vc_column_text]QCe serait g\u00e9nial, de temps en temps, [&hellip;] <a class=\"g1-link g1-link-more\" href=\"https:\/\/teens.cittanuova.it\/fr\/storia\/\">More<\/a><\/p>\n","protected":false},"author":1,"featured_media":0,"parent":0,"menu_order":0,"comment_status":"closed","ping_status":"closed","template":"g1-template-page-full.php","meta":[],"wps_subtitle":"","_links":{"self":[{"href":"https:\/\/teens.cittanuova.it\/fr\/wp-json\/wp\/v2\/pages\/9261"}],"collection":[{"href":"https:\/\/teens.cittanuova.it\/fr\/wp-json\/wp\/v2\/pages"}],"about":[{"href":"https:\/\/teens.cittanuova.it\/fr\/wp-json\/wp\/v2\/types\/page"}],"author":[{"embeddable":true,"href":"https:\/\/teens.cittanuova.it\/fr\/wp-json\/wp\/v2\/users\/1"}],"replies":[{"embeddable":true,"href":"https:\/\/teens.cittanuova.it\/fr\/wp-json\/wp\/v2\/comments?post=9261"}],"version-history":[{"count":4,"href":"https:\/\/teens.cittanuova.it\/fr\/wp-json\/wp\/v2\/pages\/9261\/revisions"}],"predecessor-version":[{"id":10472,"href":"https:\/\/teens.cittanuova.it\/fr\/wp-json\/wp\/v2\/pages\/9261\/revisions\/10472"}],"wp:attachment":[{"href":"https:\/\/teens.cittanuova.it\/fr\/wp-json\/wp\/v2\/media?parent=9261"}],"curies":[{"name":"wp","href":"https:\/\/api.w.org\/{rel}","templated":true}]}}