{"id":9268,"date":"2019-02-18T11:34:59","date_gmt":"2019-02-18T10:34:59","guid":{"rendered":"https:\/\/teens.cittanuova.it\/i-care\/"},"modified":"2021-03-17T11:43:09","modified_gmt":"2021-03-17T10:43:09","slug":"i-care","status":"publish","type":"page","link":"https:\/\/teens.cittanuova.it\/fr\/i-care\/","title":{"rendered":"\u00e7a me tient \u00e0 c\u0153ur"},"content":{"rendered":"<p>[vc_row][vc_column][vc_empty_space height=&#8221;10px&#8221;][vc_row_inner][vc_column_inner width=&#8221;1\/2&#8243;][vc_column_text]<span style=\"font-size: 18px; line-height: 28px;\"><span class=\"h-news\"><strong>Teens4teens<\/strong> C&#8217;est un programme qui implique les Juniors pour un Monde Uni, qui sont les adolescents du Mouvement des Focolari et l&#8217;AMU (Association pour un Monde Uni), \u00e0 travers des projets et des actions concr\u00e8tes.<br \/>\nTeens4Teens nous permet de d\u00e9couvrir et de vivre la \u201cculture du partage\u201d.<br \/>\n<\/span><\/span>[\/vc_column_text][\/vc_column_inner][vc_column_inner width=&#8221;1\/2&#8243;][vc_column_text]<span style=\"font-size: 18px; line-height: 28px;\">Chaque classe ou \u00e9cole participante peut \u00ab adopter \u00bb un projet, le soutenir \u00e9conomiquement, mais surtout faire mieux conna\u00eetre aux \u00e9l\u00e8ves la r\u00e9alit\u00e9 des pays concern\u00e9s.<br \/>\nL&#8217;objectif est de cr\u00e9er une relation d&#8217;\u00e9change et de connaissance mutuelle avec les enfants d\u2019un autre pays faisant partie du projet.<br \/>\n<\/span>[\/vc_column_text][\/vc_column_inner][\/vc_row_inner][vc_empty_space height=&#8221;10px&#8221;][vc_separator color=&#8221;custom&#8221; accent_color=&#8221;#e6e6e6&#8243; css=&#8221;.vc_custom_1550154523448{margin-top: -2px !important;}&#8221;][vc_empty_space height=&#8221;20px&#8221;][vc_row_inner][vc_column_inner width=&#8221;1\/4&#8243;][vc_single_image image=&#8221;8110&#8243; img_size=&#8221;full&#8221; onclick=&#8221;custom_link&#8221; link=&#8221;\/i-care\/il-nostro-impegno-verso-fame-zero\/&#8221;][vc_column_text]<\/p>\n<h3 style=\"height: 25px; line-height: 20px; margin-bottom: 5px;\"><a href=\"https:\/\/teens.cittanuova.it\/i-care\/il-nostro-impegno-verso-fame-zero\/\">Pubblicitaria 2019 \/ 02<\/a><\/h3>\n<p>[\/vc_column_text][\/vc_column_inner][vc_column_inner width=&#8221;1\/4&#8243;][vc_single_image image=&#8221;7631&#8243; img_size=&#8221;full&#8221; onclick=&#8221;custom_link&#8221; link=&#8221;\/i-care\/mariapoli-europea-2019\/&#8221;][vc_column_text]<\/p>\n<h3 style=\"height: 25px; line-height: 20px; margin-bottom: 5px;\"><a href=\"https:\/\/teens.cittanuova.it\/i-care\/mariapoli-europea-2019\/\">Pubblicitaria 2019 \/ 01<\/a><\/h3>\n<p>[\/vc_column_text][\/vc_column_inner][vc_column_inner width=&#8221;1\/4&#8243;][vc_single_image image=&#8221;7637&#8243; img_size=&#8221;full&#8221; onclick=&#8221;custom_link&#8221; link=&#8221;\/i-care\/abbonati-a-teens\/&#8221;][vc_column_text]<\/p>\n<h3 style=\"height: 25px; line-height: 20px; margin-bottom: 5px;\"><a href=\"https:\/\/teens.cittanuova.it\/i-care\/abbonati-a-teens\/\">Pubblicitaria 2018 \/ 06<\/a><\/h3>\n<p>[\/vc_column_text][\/vc_column_inner][vc_column_inner width=&#8221;1\/4&#8243;][vc_single_image image=&#8221;7635&#8243; img_size=&#8221;full&#8221; onclick=&#8221;custom_link&#8221; link=&#8221;https:\/\/teens.cittanuova.it\/i-care\/contribuisci-a-posta-teens\/&#8221;][vc_column_text]<\/p>\n<h3 style=\"height: 25px; line-height: 20px; margin-bottom: 5px;\"><a href=\"https:\/\/teens.cittanuova.it\/i-care\/contribuisci-a-posta-teens\/\">Pubblicitaria 2018 \/ 05<\/a><\/h3>\n<p>[\/vc_column_text][\/vc_column_inner][\/vc_row_inner][vc_empty_space height=&#8221;20px&#8221;][vc_row_inner][vc_column_inner width=&#8221;1\/4&#8243;][vc_single_image image=&#8221;7634&#8243; img_size=&#8221;full&#8221; onclick=&#8221;custom_link&#8221; link=&#8221;\/i-care\/fiera-primavera\/&#8221;][vc_column_text]<\/p>\n<h3 style=\"height: 25px; line-height: 20px; margin-bottom: 5px;\"><a href=\"https:\/\/teens.cittanuova.it\/i-care\/fiera-primavera\/\">Pubblicitaria 2018 \/ 04<\/a><\/h3>\n<p>[\/vc_column_text][\/vc_column_inner][vc_column_inner width=&#8221;1\/4&#8243;][vc_single_image image=&#8221;7633&#8243; img_size=&#8221;full&#8221; onclick=&#8221;custom_link&#8221; link=&#8221;\/i-care\/sunrise-ecuador\/&#8221;][vc_column_text]<\/p>\n<h3 style=\"height: 25px; line-height: 20px; margin-bottom: 5px;\"><a href=\"https:\/\/teens.cittanuova.it\/i-care\/sunrise-ecuador\/\">Pubblicitaria 2018 \/ 03<\/a><\/h3>\n<p>[\/vc_column_text][\/vc_column_inner][vc_column_inner width=&#8221;1\/4&#8243;][vc_single_image image=&#8221;7632&#8243; img_size=&#8221;full&#8221; onclick=&#8221;custom_link&#8221; link=&#8221;\/i-care\/fare-sistema\/&#8221;][vc_column_text]<\/p>\n<h3 style=\"height: 25px; line-height: 20px; margin-bottom: 5px;\"><a href=\"https:\/\/teens.cittanuova.it\/i-care\/fare-sistema\/\">Pubblicitaria 2018 \/ 02<\/a><\/h3>\n<p>[\/vc_column_text][\/vc_column_inner][vc_column_inner width=&#8221;1\/4&#8243;][vc_single_image image=&#8221;7630&#8243; img_size=&#8221;full&#8221; onclick=&#8221;custom_link&#8221; link=&#8221;\/i-care\/egitto-chance-for-tomorrow\/&#8221;][vc_column_text]<\/p>\n<h3 style=\"height: 25px; line-height: 20px; margin-bottom: 5px;\"><a href=\"https:\/\/teens.cittanuova.it\/i-care\/egitto-chance-for-tomorrow\/\">Pubblicitaria 2018 \/ 01<\/a><\/h3>\n<p>[\/vc_column_text][\/vc_column_inner][\/vc_row_inner][vc_empty_space height=&#8221;20px&#8221;][vc_row_inner][vc_column_inner width=&#8221;1\/4&#8243;][vc_single_image image=&#8221;7636&#8243; img_size=&#8221;full&#8221; onclick=&#8221;custom_link&#8221; img_link_target=&#8221;_blank&#8221; link=&#8221;\/i-care\/scuole-in-concorso-per-la-pace\/&#8221;][vc_column_text]<\/p>\n<h3 style=\"height: 25px; line-height: 20px; margin-bottom: 5px;\"><a href=\"https:\/\/teens.cittanuova.it\/i-care\/scuole-in-concorso-per-la-pace\/\">Pubblicitaria 2017 \/ 06<\/a><\/h3>\n<p>[\/vc_column_text][\/vc_column_inner][vc_column_inner width=&#8221;1\/4&#8243;][\/vc_column_inner][vc_column_inner width=&#8221;1\/4&#8243;][\/vc_column_inner][vc_column_inner width=&#8221;1\/4&#8243;][\/vc_column_inner][\/vc_row_inner][\/vc_column][\/vc_row]<\/p>\n","protected":false},"excerpt":{"rendered":"<p>[vc_row][vc_column][vc_empty_space height=&#8221;10px&#8221;][vc_row_inner][vc_column_inner width=&#8221;1\/2&#8243;][vc_column_text]Teens4teens C&#8217;est un programme qui implique les Juniors pour un Monde Uni, qui sont les adolescents du Mouvement des Focolari et l&#8217;AMU (Association pour un Monde Uni), \u00e0 travers des projets et des actions concr\u00e8tes. Teens4Teens nous permet de d\u00e9couvrir et de vivre la \u201cculture du partage\u201d. [\/vc_column_text][\/vc_column_inner][vc_column_inner width=&#8221;1\/2&#8243;][vc_column_text]Chaque classe ou \u00e9cole participante [&hellip;] <a class=\"g1-link g1-link-more\" href=\"https:\/\/teens.cittanuova.it\/fr\/i-care\/\">More<\/a><\/p>\n","protected":false},"author":1,"featured_media":0,"parent":0,"menu_order":0,"comment_status":"closed","ping_status":"closed","template":"g1-template-page-full.php","meta":[],"wps_subtitle":"","_links":{"self":[{"href":"https:\/\/teens.cittanuova.it\/fr\/wp-json\/wp\/v2\/pages\/9268"}],"collection":[{"href":"https:\/\/teens.cittanuova.it\/fr\/wp-json\/wp\/v2\/pages"}],"about":[{"href":"https:\/\/teens.cittanuova.it\/fr\/wp-json\/wp\/v2\/types\/page"}],"author":[{"embeddable":true,"href":"https:\/\/teens.cittanuova.it\/fr\/wp-json\/wp\/v2\/users\/1"}],"replies":[{"embeddable":true,"href":"https:\/\/teens.cittanuova.it\/fr\/wp-json\/wp\/v2\/comments?post=9268"}],"version-history":[{"count":3,"href":"https:\/\/teens.cittanuova.it\/fr\/wp-json\/wp\/v2\/pages\/9268\/revisions"}],"predecessor-version":[{"id":10477,"href":"https:\/\/teens.cittanuova.it\/fr\/wp-json\/wp\/v2\/pages\/9268\/revisions\/10477"}],"wp:attachment":[{"href":"https:\/\/teens.cittanuova.it\/fr\/wp-json\/wp\/v2\/media?parent=9268"}],"curies":[{"name":"wp","href":"https:\/\/api.w.org\/{rel}","templated":true}]}}