{"id":9275,"date":"2019-02-14T14:42:34","date_gmt":"2019-02-14T13:42:34","guid":{"rendered":"https:\/\/teens.cittanuova.it\/contatti\/"},"modified":"2021-03-17T11:49:49","modified_gmt":"2021-03-17T10:49:49","slug":"contatti","status":"publish","type":"page","link":"https:\/\/teens.cittanuova.it\/fr\/contatti\/","title":{"rendered":"Contacts"},"content":{"rendered":"<p>[vc_row][vc_column][vc_empty_space height=&#8221;10px&#8221;][vc_column_text]<span style=\"font-size: 18px; line-height: 28px;\"><strong>Teens<\/strong> | Le magazine bimensuel fait par les jeunes pour les jeunes, aborde les sujets d\u2019actualit\u00e9, la science, l\u2019\u00e9cole, les r\u00e9alit\u00e9s interculturelles, le sport, le cin\u00e9ma, des t\u00e9moignages italiens et internationaux sur les perspectives du monde uni, du dialogue et de la vie des jeunes entre les diff\u00e9rentes g\u00e9n\u00e9rations et cultures.<br \/>\nUn regard sur le monde dans le but de donner des nouvelles des nombreuses <strong>\u00ab bonnes nouvelles \u00bb<\/strong>, cdes \u00e9chos qui arrivent des jeunes du monde entier sur leurs projets.<\/span>[\/vc_column_text][vc_empty_space height=&#8221;10px&#8221;][vc_separator color=&#8221;custom&#8221; accent_color=&#8221;#e6e6e6&#8243; css=&#8221;.vc_custom_1550154523448{margin-top: -2px !important;}&#8221;][vc_empty_space height=&#8221;10px&#8221;][vc_row_inner][vc_column_inner width=&#8221;1\/2&#8243;][vc_column_text]<\/p>\n<h3 style=\"line-height: 20px; margin-bottom: 15px;\"><span style=\"color: #993366;\">R\u00e9daction TEENS<\/span><\/h3>\n<p><span style=\"font-size: 18px; line-height: 28px;\">Adresse<br \/>\n<span style=\"border-bottom: 2px solid #8ecbcf; margin: 0 3px;\"><a class=\"teens-link\" href=\"mailto:teens@cittanuova.it?subject=Redazione%20Teens\" target=\"_blank\" rel=\"noopener noreferrer\">teens@cittanuova.it<\/a><\/span><\/span>[\/vc_column_text][\/vc_column_inner][vc_column_inner width=&#8221;1\/2&#8243;][vc_column_text]<\/p>\n<h3 style=\"line-height: 20px; margin-bottom: 15px;\">ENVOIE TA CONTRIBUTION<\/h3>\n<p><span style=\"font-size: 18px; line-height: 28px;\">Quelle r\u00e9flexion aimerais-tu nous laisser, en tenant compte de la p\u00e9riode de crise que nous vivons en ce moment ? \u00e9cris-nous-ici:<\/span>[\/vc_column_text][\/vc_column_inner][\/vc_row_inner][vc_empty_space height=&#8221;10px&#8221;][vc_separator color=&#8221;custom&#8221; accent_color=&#8221;#e6e6e6&#8243;][vc_empty_space height=&#8221;10px&#8221;][vc_row_inner][vc_column_inner][vc_column_text]<\/p>\n<h3 style=\"line-height: 20px; margin-bottom: 15px;\">CONTACTS<\/h3>\n<p><span style=\"font-size: 18px; line-height: 28px;\"><br \/>\n<\/span>[\/vc_column_text]<div role=\"form\" class=\"wpcf7\" id=\"wpcf7-f6538-o1\" lang=\"it-IT\" dir=\"ltr\">\n<div class=\"screen-reader-response\"><p role=\"status\" aria-live=\"polite\" aria-atomic=\"true\"><\/p> <ul><\/ul><\/div>\n<form action=\"\/fr\/wp-json\/wp\/v2\/pages\/9275#wpcf7-f6538-o1\" method=\"post\" class=\"wpcf7-form init\" novalidate=\"novalidate\" data-status=\"init\">\n<div style=\"display: none;\">\n<input type=\"hidden\" name=\"_wpcf7\" value=\"6538\" \/>\n<input type=\"hidden\" name=\"_wpcf7_version\" value=\"5.6.3\" \/>\n<input type=\"hidden\" name=\"_wpcf7_locale\" value=\"it_IT\" \/>\n<input type=\"hidden\" name=\"_wpcf7_unit_tag\" value=\"wpcf7-f6538-o1\" \/>\n<input type=\"hidden\" name=\"_wpcf7_container_post\" value=\"0\" \/>\n<input type=\"hidden\" name=\"_wpcf7_posted_data_hash\" value=\"\" \/>\n<input type=\"hidden\" name=\"_wpcf7_recaptcha_response\" value=\"\" \/>\n<\/div>\n<p><label> Nome \/ Cognome *<br \/>\n    <span class=\"wpcf7-form-control-wrap\" data-name=\"your-name\"><input type=\"text\" name=\"your-name\" value=\"\" size=\"40\" class=\"wpcf7-form-control wpcf7-text wpcf7-validates-as-required\" aria-required=\"true\" aria-invalid=\"false\" \/><\/span> <\/label><\/p>\n<p><label> Email *<br \/>\n    <span class=\"wpcf7-form-control-wrap\" data-name=\"your-email\"><input type=\"email\" name=\"your-email\" value=\"\" size=\"40\" class=\"wpcf7-form-control wpcf7-text wpcf7-email wpcf7-validates-as-required wpcf7-validates-as-email\" aria-required=\"true\" aria-invalid=\"false\" \/><\/span> <\/label><\/p>\n<p><label> Messaggio *<br \/>\n    <span class=\"wpcf7-form-control-wrap\" data-name=\"your-message\"><textarea name=\"your-message\" cols=\"40\" rows=\"10\" class=\"wpcf7-form-control wpcf7-textarea\" aria-invalid=\"false\"><\/textarea><\/span> <\/label><\/p>\n<p><input type=\"submit\" value=\"Invia\" class=\"wpcf7-form-control has-spinner wpcf7-submit\" \/><\/p>\n<div class=\"wpcf7-response-output\" aria-hidden=\"true\"><\/div><\/form><\/div>[\/vc_column_inner][\/vc_row_inner][\/vc_column][\/vc_row]<\/p>\n","protected":false},"excerpt":{"rendered":"<p>[vc_row][vc_column][vc_empty_space height=&#8221;10px&#8221;][vc_column_text]Teens | Le magazine bimensuel fait par les jeunes pour les jeunes, aborde les sujets d\u2019actualit\u00e9, la science, l\u2019\u00e9cole, les r\u00e9alit\u00e9s interculturelles, le sport, le cin\u00e9ma, des t\u00e9moignages italiens et internationaux sur les perspectives du monde uni, du dialogue et de la vie des jeunes entre les diff\u00e9rentes g\u00e9n\u00e9rations et cultures. Un regard sur [&hellip;] <a class=\"g1-link g1-link-more\" href=\"https:\/\/teens.cittanuova.it\/fr\/contatti\/\">More<\/a><\/p>\n","protected":false},"author":1,"featured_media":0,"parent":0,"menu_order":0,"comment_status":"closed","ping_status":"closed","template":"","meta":[],"wps_subtitle":"","_links":{"self":[{"href":"https:\/\/teens.cittanuova.it\/fr\/wp-json\/wp\/v2\/pages\/9275"}],"collection":[{"href":"https:\/\/teens.cittanuova.it\/fr\/wp-json\/wp\/v2\/pages"}],"about":[{"href":"https:\/\/teens.cittanuova.it\/fr\/wp-json\/wp\/v2\/types\/page"}],"author":[{"embeddable":true,"href":"https:\/\/teens.cittanuova.it\/fr\/wp-json\/wp\/v2\/users\/1"}],"replies":[{"embeddable":true,"href":"https:\/\/teens.cittanuova.it\/fr\/wp-json\/wp\/v2\/comments?post=9275"}],"version-history":[{"count":4,"href":"https:\/\/teens.cittanuova.it\/fr\/wp-json\/wp\/v2\/pages\/9275\/revisions"}],"predecessor-version":[{"id":10479,"href":"https:\/\/teens.cittanuova.it\/fr\/wp-json\/wp\/v2\/pages\/9275\/revisions\/10479"}],"wp:attachment":[{"href":"https:\/\/teens.cittanuova.it\/fr\/wp-json\/wp\/v2\/media?parent=9275"}],"curies":[{"name":"wp","href":"https:\/\/api.w.org\/{rel}","templated":true}]}}