{"id":9192,"date":"2019-02-18T09:54:58","date_gmt":"2019-02-18T08:54:58","guid":{"rendered":"https:\/\/teens.cittanuova.it\/storia\/"},"modified":"2021-03-09T15:48:24","modified_gmt":"2021-03-09T14:48:24","slug":"storia","status":"publish","type":"page","link":"https:\/\/teens.cittanuova.it\/hu\/storia\/","title":{"rendered":"T\u00f6rt\u00e9net\u00fcnk"},"content":{"rendered":"<p>[vc_row el_id=&#8221;archivio&#8221;][vc_column el_id=&#8221;4unity&#8221;][vc_empty_space height=&#8221;10px&#8221;][vc_single_image image=&#8221;9193&#8243; img_size=&#8221;full&#8221;][vc_column_text css=&#8221;.vc_custom_1615301115941{margin-top: -5px !important;}&#8221;]<\/p>\n<blockquote><p><strong>\u00d6sszefog\u00e1s c\u00e9ljaink el\u00e9r\u00e9s\u00e9\u00e9rt!<br \/>\n<\/strong>C\u00e9lunk, hogy hangot adjunk a sz\u00e1mtalan pozit\u00edv h\u00edrnek, amelyet tizen\u00e9vesek tesznek tizen\u00e9vesek\u00e9rt.<\/p><\/blockquote>\n<p>[\/vc_column_text][vc_row_inner][vc_column_inner width=&#8221;1\/2&#8243;][vc_column_text]<span style=\"font-size: 18px; line-height: 28px;\">\u201cMilyen j\u00f3 lenne n\u00e9ha \u00fagy kikapcsolni a t\u00e9v\u00e9t vagy becsukni az \u00fajs\u00e1got, hogy egy durva, h\u00e1bor\u00fas h\u00edrt se l\u00e1ttunk volna benne! Milyen j\u00f3 lenne \u00e9l\u0151n tartani a sz\u00edv\u00fcnkben a rem\u00e9ny l\u00e1ngj\u00e1t? (Ayman, 15 \u00e9ves, Irakban, Qaraqoshban sz\u00fcletett, egy olyan orsz\u00e1gban, amely r\u00e9g\u00f3ta a terrorizmus ellen k\u00fczd).<\/span>[\/vc_column_text][vc_empty_space height=&#8221;20px&#8221;][vc_single_image image=&#8221;8479&#8243; img_size=&#8221;full&#8221;][\/vc_column_inner][vc_column_inner width=&#8221;1\/2&#8243;][vc_column_text]<span style=\"font-size: 18px; line-height: 28px;\">Mi, gyerekek az egys\u00e9g\u00e9rt tudjuk, mennyire fontos szerepet j\u00e1tszik a kommunik\u00e1ci\u00f3 abban, hogy az emberek, n\u00e9pek \u00e9s kult\u00far\u00e1k k\u00f6zelebb ker\u00fclhessenek egym\u00e1shoz. Azon dolgozunk, hogy a mosolyunkon felb\u00e1torodva a m\u00e1sik \u0151szint\u00e9n kifejezhesse \u00f6nmag\u00e1t. Ehhez mindenf\u00e9le kommunik\u00e1ci\u00f3s eszk\u00f6zzel \u00e9l\u00fcnk, tudva, hogy a szemt\u0151l szembe tal\u00e1lkoz\u00e1sn\u00e1l nincs jobb.<\/span>[\/vc_column_text][vc_empty_space height=&#8221;20px&#8221;][vc_single_image image=&#8221;8485&#8243; img_size=&#8221;full&#8221;][\/vc_column_inner][\/vc_row_inner][\/vc_column][\/vc_row][vc_row][vc_column][vc_column_text][\/vc_column_text][\/vc_column][\/vc_row]<\/p>\n","protected":false},"excerpt":{"rendered":"<p>[vc_row el_id=&#8221;archivio&#8221;][vc_column el_id=&#8221;4unity&#8221;][vc_empty_space height=&#8221;10px&#8221;][vc_single_image image=&#8221;9193&#8243; img_size=&#8221;full&#8221;][vc_column_text css=&#8221;.vc_custom_1615301115941{margin-top: -5px !important;}&#8221;] \u00d6sszefog\u00e1s c\u00e9ljaink el\u00e9r\u00e9s\u00e9\u00e9rt! C\u00e9lunk, hogy hangot adjunk a sz\u00e1mtalan pozit\u00edv h\u00edrnek, amelyet tizen\u00e9vesek tesznek tizen\u00e9vesek\u00e9rt. [\/vc_column_text][vc_row_inner][vc_column_inner width=&#8221;1\/2&#8243;][vc_column_text]\u201cMilyen j\u00f3 lenne n\u00e9ha \u00fagy kikapcsolni a t\u00e9v\u00e9t vagy becsukni az \u00fajs\u00e1got, hogy egy durva, h\u00e1bor\u00fas h\u00edrt se l\u00e1ttunk volna benne! Milyen j\u00f3 lenne \u00e9l\u0151n tartani a sz\u00edv\u00fcnkben a rem\u00e9ny [&hellip;] <a class=\"g1-link g1-link-more\" href=\"https:\/\/teens.cittanuova.it\/hu\/storia\/\">More<\/a><\/p>\n","protected":false},"author":1,"featured_media":0,"parent":0,"menu_order":0,"comment_status":"closed","ping_status":"closed","template":"g1-template-page-full.php","meta":[],"wps_subtitle":"","_links":{"self":[{"href":"https:\/\/teens.cittanuova.it\/hu\/wp-json\/wp\/v2\/pages\/9192"}],"collection":[{"href":"https:\/\/teens.cittanuova.it\/hu\/wp-json\/wp\/v2\/pages"}],"about":[{"href":"https:\/\/teens.cittanuova.it\/hu\/wp-json\/wp\/v2\/types\/page"}],"author":[{"embeddable":true,"href":"https:\/\/teens.cittanuova.it\/hu\/wp-json\/wp\/v2\/users\/1"}],"replies":[{"embeddable":true,"href":"https:\/\/teens.cittanuova.it\/hu\/wp-json\/wp\/v2\/comments?post=9192"}],"version-history":[{"count":6,"href":"https:\/\/teens.cittanuova.it\/hu\/wp-json\/wp\/v2\/pages\/9192\/revisions"}],"predecessor-version":[{"id":10183,"href":"https:\/\/teens.cittanuova.it\/hu\/wp-json\/wp\/v2\/pages\/9192\/revisions\/10183"}],"wp:attachment":[{"href":"https:\/\/teens.cittanuova.it\/hu\/wp-json\/wp\/v2\/media?parent=9192"}],"curies":[{"name":"wp","href":"https:\/\/api.w.org\/{rel}","templated":true}]}}