{"id":9197,"date":"2019-02-18T10:28:00","date_gmt":"2019-02-18T09:28:00","guid":{"rendered":"https:\/\/teens.cittanuova.it\/redazione\/"},"modified":"2021-03-16T10:24:10","modified_gmt":"2021-03-16T09:24:10","slug":"redazione","status":"publish","type":"page","link":"https:\/\/teens.cittanuova.it\/hu\/redazione\/","title":{"rendered":"Teens szerkeszt\u0151s\u00e9g"},"content":{"rendered":"<p>[vc_row][vc_column][vc_empty_space height=&#8221;10px&#8221;][vc_single_image image=&#8221;8152&#8243; img_size=&#8221;full&#8221; onclick=&#8221;custom_link&#8221; img_link_target=&#8221;_blank&#8221; link=&#8221;https:\/\/www.cittanuova.it\/riviste\/9772499790168\/&#8221;][vc_column_text]<span style=\"font-size: 18px; line-height: 28px;\"> <span class=\"h-news\">Teens szerkeszt\u0151s\u00e9g<br \/>\nEgy tizen\u00e9vesekb\u0151l \u00e1ll\u00f3 szerkeszt\u0151s\u00e9g tagjaik\u00e9nt olyan \u00fajs\u00e1got szerett\u00fcnk volna, ami eljut a koroszt\u00e1lyunk-beliekhez, az iskol\u00e1kba stb. M\u00e1r a nyomtatott olasz nyelv\u0171 lap idej\u00e9n arr\u00f3l \u00e1lmodtunk, hogy a Teens nemzetk\u00f6ziv\u00e9 v\u00e1ljon, t\u00f6bb szerkeszt\u0151s\u00e9ggel, \u00e9s \u00edgy \u00f6t kontinens kamaszai tudjanak besz\u00e1molni arr\u00f3l, mi t\u00f6rt\u00e9nik vil\u00e1gszerte. Jelenleg Argent\u00edn\u00e1ban, Chil\u00e9ben, Paraguayban, Uruguayban, Braz\u00edli\u00e1ban, Panam\u00e1ban, az Egyes\u00fclt \u00c1llamokban, Portug\u00e1li\u00e1ban, Olaszorsz\u00e1gban, Spanyolorsz\u00e1gban, Magyarorsz\u00e1gon, F\u00fcl\u00f6p-szigeteken, Indi\u00e1ban \u00e9s Keny\u00e1ban van szerkeszt\u0151s\u00e9g. Mindenki otthonr\u00f3l dolgozik, online tartjuk a kapcsolatot.<br \/>\n<\/span><\/span>[\/vc_column_text][vc_empty_space height=&#8221;5px&#8221;][vc_row_inner][vc_column_inner width=&#8221;1\/3&#8243;][vc_column_text css_animation=&#8221;bounceIn&#8221;]<\/p>\n<h3 style=\"margin-bottom: 15px;\"><span style=\"color: #993366;\">Legy\u00e9l szerkeszt\u0151s\u00e9gi tag!<\/span><\/h3>\n<p><span style=\"font-size: 18px; line-height: 28px;\">Szia! Szeretn\u00e9l Teens szerkeszt\u0151s\u00e9gi tag lenni? Isten hozott k\u00f6z\u00f6tt\u00fcnk! Egy\u00e9nileg vagy oszt\u00e1llyal ide k\u00fcldhetitek el cikkjavaslataitokat! <a href=\"mailto:teens@cittanuova.it\">IDE<\/a><br \/>\n<\/span><\/p>\n<p><span style=\"font-size: 18px; line-height: 28px;\"><a href=\"https:\/\/teens.cittanuova.it\/io-scrivo\/\"><img data-expand=\"600\" loading=\"lazy\" class=\"lazyload size-full wp-image-8755 aligncenter\" src=\"data:image\/svg+xml;charset=utf-8,%3Csvg xmlns%3D'http%3A%2F%2Fwww.w3.org%2F2000%2Fsvg' viewBox%3D'0 0 217 208'%2F%3E\" data-src=\"https:\/\/teens.cittanuova.it\/wp-content\/uploads\/2021\/01\/Icon_Pen2.png\" alt=\"\" width=\"217\" height=\"208\" data-srcset=\"https:\/\/teens.cittanuova.it\/wp-content\/uploads\/2021\/01\/Icon_Pen2.png 217w, https:\/\/teens.cittanuova.it\/wp-content\/uploads\/2021\/01\/Icon_Pen2-50x48.png 50w, https:\/\/teens.cittanuova.it\/wp-content\/uploads\/2021\/01\/Icon_Pen2-100x96.png 100w\" data-sizes=\"(max-width: 217px) 100vw, 217px\" \/><br \/>\n<\/a><br \/>\n<\/span>[\/vc_column_text][\/vc_column_inner][vc_column_inner width=&#8221;1\/3&#8243;][vc_column_text]<\/p>\n<h3 style=\"margin-bottom: 15px;\">Csatlakozz!<\/h3>\n<p><span style=\"font-size: 18px; line-height: 28px;\">Ha csak egy bejegyz\u00e9srre reag\u00e1ln\u00e1l, l\u00e1jkoln\u00e1l, javaslatod, k\u00e9r\u00e9sed, t\u00e9m\u00e1d van, HAJR\u00c1!<\/span><\/p>\n<p><img data-expand=\"600\" loading=\"lazy\" class=\"lazyload size-full wp-image-8741 aligncenter\" src=\"data:image\/svg+xml;charset=utf-8,%3Csvg xmlns%3D'http%3A%2F%2Fwww.w3.org%2F2000%2Fsvg' viewBox%3D'0 0 208 208'%2F%3E\" data-src=\"https:\/\/teens.cittanuova.it\/wp-content\/uploads\/2021\/01\/Icon_Start-1.png\" alt=\"\" width=\"208\" height=\"208\" data-srcset=\"https:\/\/teens.cittanuova.it\/wp-content\/uploads\/2021\/01\/Icon_Start-1.png 208w, https:\/\/teens.cittanuova.it\/wp-content\/uploads\/2021\/01\/Icon_Start-1-150x150.png 150w, https:\/\/teens.cittanuova.it\/wp-content\/uploads\/2021\/01\/Icon_Start-1-192x192.png 192w, https:\/\/teens.cittanuova.it\/wp-content\/uploads\/2021\/01\/Icon_Start-1-110x110.png 110w, https:\/\/teens.cittanuova.it\/wp-content\/uploads\/2021\/01\/Icon_Start-1-48x48.png 48w, https:\/\/teens.cittanuova.it\/wp-content\/uploads\/2021\/01\/Icon_Start-1-96x96.png 96w\" data-sizes=\"(max-width: 208px) 100vw, 208px\" \/>[\/vc_column_text][\/vc_column_inner][vc_column_inner width=&#8221;1\/3&#8243;][vc_column_text]<\/p>\n<h3 style=\"margin-bottom: 15px;\">Hozz l\u00e9tre szerkeszt\u0151s\u00e9get!<\/h3>\n<p><span style=\"font-size: 18px; line-height: 28px;\">Oszt\u00e1lyoddal szerkeszt\u0151s\u00e9get szeretn\u00e9l l\u00e9trehozni? Rendelkez\u00e9setekre \u00e1llunk, \u00edrjatok nek\u00fcnk erre az emailc\u00edmre.<a href=\"mailto:teens@cittanuova.it\"><span style=\"border-bottom: 2px solid #8ecbcf; margin: 0 3px;\">ERRE<\/span><\/a>\u00a0<\/span><\/p>\n<h3 style=\"margin-bottom: 15px;\"><img data-expand=\"600\" loading=\"lazy\" class=\"lazyload size-full wp-image-8704 aligncenter\" src=\"data:image\/svg+xml;charset=utf-8,%3Csvg xmlns%3D'http%3A%2F%2Fwww.w3.org%2F2000%2Fsvg' viewBox%3D'0 0 240 210'%2F%3E\" data-src=\"https:\/\/teens.cittanuova.it\/wp-content\/uploads\/2021\/01\/Icon_Redazione.png\" alt=\"\" width=\"240\" height=\"210\" data-srcset=\"https:\/\/teens.cittanuova.it\/wp-content\/uploads\/2021\/01\/Icon_Redazione.png 240w, https:\/\/teens.cittanuova.it\/wp-content\/uploads\/2021\/01\/Icon_Redazione-55x48.png 55w, https:\/\/teens.cittanuova.it\/wp-content\/uploads\/2021\/01\/Icon_Redazione-110x96.png 110w\" data-sizes=\"(max-width: 240px) 100vw, 240px\" \/><\/h3>\n<p>[\/vc_column_text][\/vc_column_inner][\/vc_row_inner][\/vc_column][\/vc_row][vc_row][vc_column][vc_single_image image=&#8221;10341&#8243; img_size=&#8221;medium&#8221; alignment=&#8221;center&#8221; onclick=&#8221;custom_link&#8221; link=&#8221;https:\/\/teens.cittanuova.it\/hu\/news\/a-vilagban\/&#8221;][\/vc_column][\/vc_row][vc_row][vc_column][vc_column_text]<\/p>\n<p style=\"text-align: center;\">TEENS SZERKESZT\u0150S\u00c9G <span style=\"color: #ff6600;\">A VIL\u00c1GBAN<\/span><\/p>\n<p>[\/vc_column_text][\/vc_column][\/vc_row]<\/p>\n","protected":false},"excerpt":{"rendered":"<p>[vc_row][vc_column][vc_empty_space height=&#8221;10px&#8221;][vc_single_image image=&#8221;8152&#8243; img_size=&#8221;full&#8221; onclick=&#8221;custom_link&#8221; img_link_target=&#8221;_blank&#8221; link=&#8221;https:\/\/www.cittanuova.it\/riviste\/9772499790168\/&#8221;][vc_column_text] Teens szerkeszt\u0151s\u00e9g Egy tizen\u00e9vesekb\u0151l \u00e1ll\u00f3 szerkeszt\u0151s\u00e9g tagjaik\u00e9nt olyan \u00fajs\u00e1got szerett\u00fcnk volna, ami eljut a koroszt\u00e1lyunk-beliekhez, az iskol\u00e1kba stb. M\u00e1r a nyomtatott olasz nyelv\u0171 lap idej\u00e9n arr\u00f3l \u00e1lmodtunk, hogy a Teens nemzetk\u00f6ziv\u00e9 v\u00e1ljon, t\u00f6bb szerkeszt\u0151s\u00e9ggel, \u00e9s \u00edgy \u00f6t kontinens kamaszai tudjanak besz\u00e1molni arr\u00f3l, mi t\u00f6rt\u00e9nik vil\u00e1gszerte. Jelenleg Argent\u00edn\u00e1ban, Chil\u00e9ben, [&hellip;] <a class=\"g1-link g1-link-more\" href=\"https:\/\/teens.cittanuova.it\/hu\/redazione\/\">More<\/a><\/p>\n","protected":false},"author":1,"featured_media":0,"parent":0,"menu_order":0,"comment_status":"closed","ping_status":"closed","template":"g1-template-page-full.php","meta":[],"wps_subtitle":"","_links":{"self":[{"href":"https:\/\/teens.cittanuova.it\/hu\/wp-json\/wp\/v2\/pages\/9197"}],"collection":[{"href":"https:\/\/teens.cittanuova.it\/hu\/wp-json\/wp\/v2\/pages"}],"about":[{"href":"https:\/\/teens.cittanuova.it\/hu\/wp-json\/wp\/v2\/types\/page"}],"author":[{"embeddable":true,"href":"https:\/\/teens.cittanuova.it\/hu\/wp-json\/wp\/v2\/users\/1"}],"replies":[{"embeddable":true,"href":"https:\/\/teens.cittanuova.it\/hu\/wp-json\/wp\/v2\/comments?post=9197"}],"version-history":[{"count":9,"href":"https:\/\/teens.cittanuova.it\/hu\/wp-json\/wp\/v2\/pages\/9197\/revisions"}],"predecessor-version":[{"id":10397,"href":"https:\/\/teens.cittanuova.it\/hu\/wp-json\/wp\/v2\/pages\/9197\/revisions\/10397"}],"wp:attachment":[{"href":"https:\/\/teens.cittanuova.it\/hu\/wp-json\/wp\/v2\/media?parent=9197"}],"curies":[{"name":"wp","href":"https:\/\/api.w.org\/{rel}","templated":true}]}}