{"id":9205,"date":"2019-02-18T11:34:59","date_gmt":"2019-02-18T10:34:59","guid":{"rendered":"https:\/\/teens.cittanuova.it\/i-care\/"},"modified":"2021-01-27T12:51:57","modified_gmt":"2021-01-27T11:51:57","slug":"i-care","status":"publish","type":"page","link":"https:\/\/teens.cittanuova.it\/hu\/i-care\/","title":{"rendered":"T\u00f6r\u0151d\u00f6m"},"content":{"rendered":"<p>[vc_row][vc_column][vc_empty_space height=&#8221;10px&#8221;][vc_row_inner][vc_column_inner width=&#8221;1\/2&#8243;][vc_column_text]<span style=\"font-size: 18px; line-height: 28px;\"><span class=\"h-news\">Teens4Teens<\/span> \u00e8 un programma che coinvolge i <span class=\"h-news\">Ragazzi per l\u2019Unit\u00e0<\/span>, i teenagers del Movimento dei Focolari, e l\u2019AMU, attraverso progetti, azioni ed iniziative. T4T permette di vivere la \u201ccultura del condividere\u201d.<\/span>[\/vc_column_text][\/vc_column_inner][vc_column_inner width=&#8221;1\/2&#8243;][vc_column_text]<span style=\"font-size: 18px; line-height: 28px;\">Ogni classe o scuola partecipante pu\u00f2 <span class=\"h-news\">\u201cadottare\u201d<\/span> un progetto, sostenerlo economicamente, ma soprattutto far conoscere pi\u00f9 da vicino agli studenti la realt\u00e0 dei Paesi coinvolti.<br \/>\nL\u2019obiettivo \u00e8 quello di creare un rapporto di scambio e conoscenza reciproca con i ragazzi di uno fra i <span class=\"h-news\">Paesi coinvolti.<\/span><\/span>[\/vc_column_text][\/vc_column_inner][\/vc_row_inner][vc_empty_space height=&#8221;10px&#8221;][vc_separator color=&#8221;custom&#8221; accent_color=&#8221;#e6e6e6&#8243; css=&#8221;.vc_custom_1550154523448{margin-top: -2px !important;}&#8221;][vc_empty_space height=&#8221;20px&#8221;][vc_row_inner][vc_column_inner width=&#8221;1\/4&#8243;][vc_single_image image=&#8221;8108&#8243; img_size=&#8221;full&#8221; onclick=&#8221;custom_link&#8221; link=&#8221;\/i-care\/il-nostro-impegno-verso-fame-zero\/&#8221;][vc_column_text]<\/p>\n<h3 style=\"height: 25px; line-height: 20px; margin-bottom: 5px;\"><a href=\"https:\/\/teens.cittanuova.it\/i-care\/il-nostro-impegno-verso-fame-zero\/\">Pubblicitaria 2019 \/ 02<\/a><\/h3>\n<p>[\/vc_column_text][\/vc_column_inner][vc_column_inner width=&#8221;1\/4&#8243;][vc_single_image image=&#8221;7631&#8243; img_size=&#8221;full&#8221; onclick=&#8221;custom_link&#8221; link=&#8221;\/i-care\/mariapoli-europea-2019\/&#8221;][vc_column_text]<\/p>\n<h3 style=\"height: 25px; line-height: 20px; margin-bottom: 5px;\"><a href=\"https:\/\/teens.cittanuova.it\/i-care\/mariapoli-europea-2019\/\">Pubblicitaria 2019 \/ 01<\/a><\/h3>\n<p>[\/vc_column_text][\/vc_column_inner][vc_column_inner width=&#8221;1\/4&#8243;][vc_single_image image=&#8221;7637&#8243; img_size=&#8221;full&#8221; onclick=&#8221;custom_link&#8221; link=&#8221;\/i-care\/abbonati-a-teens\/&#8221;][vc_column_text]<\/p>\n<h3 style=\"height: 25px; line-height: 20px; margin-bottom: 5px;\"><a href=\"https:\/\/teens.cittanuova.it\/i-care\/abbonati-a-teens\/\">Pubblicitaria 2018 \/ 06<\/a><\/h3>\n<p>[\/vc_column_text][\/vc_column_inner][vc_column_inner width=&#8221;1\/4&#8243;][vc_single_image image=&#8221;7635&#8243; img_size=&#8221;full&#8221; onclick=&#8221;custom_link&#8221; link=&#8221;https:\/\/teens.cittanuova.it\/i-care\/contribuisci-a-posta-teens\/&#8221;][vc_column_text]<\/p>\n<h3 style=\"height: 25px; line-height: 20px; margin-bottom: 5px;\"><a href=\"https:\/\/teens.cittanuova.it\/i-care\/contribuisci-a-posta-teens\/\">Pubblicitaria 2018 \/ 05<\/a><\/h3>\n<p>[\/vc_column_text][\/vc_column_inner][\/vc_row_inner][vc_empty_space height=&#8221;20px&#8221;][vc_row_inner][vc_column_inner width=&#8221;1\/4&#8243;][vc_single_image image=&#8221;7634&#8243; img_size=&#8221;full&#8221; onclick=&#8221;custom_link&#8221; link=&#8221;\/i-care\/fiera-primavera\/&#8221;][vc_column_text]<\/p>\n<h3 style=\"height: 25px; line-height: 20px; margin-bottom: 5px;\"><a href=\"https:\/\/teens.cittanuova.it\/i-care\/fiera-primavera\/\">Pubblicitaria 2018 \/ 04<\/a><\/h3>\n<p>[\/vc_column_text][\/vc_column_inner][vc_column_inner width=&#8221;1\/4&#8243;][vc_single_image image=&#8221;7633&#8243; img_size=&#8221;full&#8221; onclick=&#8221;custom_link&#8221; link=&#8221;\/i-care\/sunrise-ecuador\/&#8221;][vc_column_text]<\/p>\n<h3 style=\"height: 25px; line-height: 20px; margin-bottom: 5px;\"><a href=\"https:\/\/teens.cittanuova.it\/i-care\/sunrise-ecuador\/\">Pubblicitaria 2018 \/ 03<\/a><\/h3>\n<p>[\/vc_column_text][\/vc_column_inner][vc_column_inner width=&#8221;1\/4&#8243;][vc_single_image image=&#8221;7632&#8243; img_size=&#8221;full&#8221; onclick=&#8221;custom_link&#8221; link=&#8221;\/i-care\/fare-sistema\/&#8221;][vc_column_text]<\/p>\n<h3 style=\"height: 25px; line-height: 20px; margin-bottom: 5px;\"><a href=\"https:\/\/teens.cittanuova.it\/i-care\/fare-sistema\/\">Pubblicitaria 2018 \/ 02<\/a><\/h3>\n<p>[\/vc_column_text][\/vc_column_inner][vc_column_inner width=&#8221;1\/4&#8243;][vc_single_image image=&#8221;7630&#8243; img_size=&#8221;full&#8221; onclick=&#8221;custom_link&#8221; link=&#8221;\/i-care\/egitto-chance-for-tomorrow\/&#8221;][vc_column_text]<\/p>\n<h3 style=\"height: 25px; line-height: 20px; margin-bottom: 5px;\"><a href=\"https:\/\/teens.cittanuova.it\/i-care\/egitto-chance-for-tomorrow\/\">Pubblicitaria 2018 \/ 01<\/a><\/h3>\n<p>[\/vc_column_text][\/vc_column_inner][\/vc_row_inner][vc_empty_space height=&#8221;20px&#8221;][vc_row_inner][vc_column_inner width=&#8221;1\/4&#8243;][vc_single_image image=&#8221;7636&#8243; img_size=&#8221;full&#8221; onclick=&#8221;custom_link&#8221; img_link_target=&#8221;_blank&#8221; link=&#8221;\/i-care\/scuole-in-concorso-per-la-pace\/&#8221;][vc_column_text]<\/p>\n<h3 style=\"height: 25px; line-height: 20px; margin-bottom: 5px;\"><a href=\"https:\/\/teens.cittanuova.it\/i-care\/scuole-in-concorso-per-la-pace\/\">Pubblicitaria 2017 \/ 06<\/a><\/h3>\n<p>[\/vc_column_text][\/vc_column_inner][vc_column_inner width=&#8221;1\/4&#8243;][\/vc_column_inner][vc_column_inner width=&#8221;1\/4&#8243;][\/vc_column_inner][vc_column_inner width=&#8221;1\/4&#8243;][\/vc_column_inner][\/vc_row_inner][\/vc_column][\/vc_row]<\/p>\n","protected":false},"excerpt":{"rendered":"<p>[vc_row][vc_column][vc_empty_space height=&#8221;10px&#8221;][vc_row_inner][vc_column_inner width=&#8221;1\/2&#8243;][vc_column_text]Teens4Teens \u00e8 un programma che coinvolge i Ragazzi per l\u2019Unit\u00e0, i teenagers del Movimento dei Focolari, e l\u2019AMU, attraverso progetti, azioni ed iniziative. T4T permette di vivere la \u201ccultura del condividere\u201d.[\/vc_column_text][\/vc_column_inner][vc_column_inner width=&#8221;1\/2&#8243;][vc_column_text]Ogni classe o scuola partecipante pu\u00f2 \u201cadottare\u201d un progetto, sostenerlo economicamente, ma soprattutto far conoscere pi\u00f9 da vicino agli studenti la realt\u00e0 [&hellip;] <a class=\"g1-link g1-link-more\" href=\"https:\/\/teens.cittanuova.it\/hu\/i-care\/\">More<\/a><\/p>\n","protected":false},"author":1,"featured_media":0,"parent":0,"menu_order":0,"comment_status":"closed","ping_status":"closed","template":"g1-template-page-full.php","meta":[],"wps_subtitle":"","_links":{"self":[{"href":"https:\/\/teens.cittanuova.it\/hu\/wp-json\/wp\/v2\/pages\/9205"}],"collection":[{"href":"https:\/\/teens.cittanuova.it\/hu\/wp-json\/wp\/v2\/pages"}],"about":[{"href":"https:\/\/teens.cittanuova.it\/hu\/wp-json\/wp\/v2\/types\/page"}],"author":[{"embeddable":true,"href":"https:\/\/teens.cittanuova.it\/hu\/wp-json\/wp\/v2\/users\/1"}],"replies":[{"embeddable":true,"href":"https:\/\/teens.cittanuova.it\/hu\/wp-json\/wp\/v2\/comments?post=9205"}],"version-history":[{"count":2,"href":"https:\/\/teens.cittanuova.it\/hu\/wp-json\/wp\/v2\/pages\/9205\/revisions"}],"predecessor-version":[{"id":9208,"href":"https:\/\/teens.cittanuova.it\/hu\/wp-json\/wp\/v2\/pages\/9205\/revisions\/9208"}],"wp:attachment":[{"href":"https:\/\/teens.cittanuova.it\/hu\/wp-json\/wp\/v2\/media?parent=9205"}],"curies":[{"name":"wp","href":"https:\/\/api.w.org\/{rel}","templated":true}]}}