{"id":9209,"date":"2019-02-14T14:42:34","date_gmt":"2019-02-14T13:42:34","guid":{"rendered":"https:\/\/teens.cittanuova.it\/contatti\/"},"modified":"2021-03-09T16:10:14","modified_gmt":"2021-03-09T15:10:14","slug":"contatti","status":"publish","type":"page","link":"https:\/\/teens.cittanuova.it\/hu\/contatti\/","title":{"rendered":"Kapcsolat"},"content":{"rendered":"<p>[vc_row][vc_column][vc_empty_space height=&#8221;10px&#8221;][vc_column_text]<span style=\"font-size: 18px; line-height: 28px;\"><strong>Teens<\/strong>\u00a0Tizen\u00e9vesek k\u00e9thavi lapja tizen\u00e9veseknek. Aktualit\u00e1s, tudom\u00e1ny, iskola, interkulturalit\u00e1s, sport, film, olasz \u00e9s nemzetk\u00f6zi tan\u00fas\u00e1gt\u00e9telek a fiatalok \u00e9s m\u00e1s nemzed\u00e9kek \u00e9s m\u00e1s kult\u00far\u00e1k k\u00f6zti egys\u00e9g, p\u00e1rbesz\u00e9d \u00e9s v\u00e9lem\u00e9nycsere c\u00e9lj\u00e1b\u00f3l. \u00d6sszefog\u00e1s c\u00e9ljaink el\u00e9r\u00e9s\u00e9\u00e9rt! C\u00e9lunk, hogy hangot adjunk a sz\u00e1mtalan pozit\u00edv h\u00edrnek, amelyet tizen\u00e9vesek tesznek tizen\u00e9vesek\u00e9rt.<\/span>[\/vc_column_text][vc_empty_space height=&#8221;10px&#8221;][vc_separator color=&#8221;custom&#8221; accent_color=&#8221;#e6e6e6&#8243; css=&#8221;.vc_custom_1550154523448{margin-top: -2px !important;}&#8221;][vc_empty_space height=&#8221;10px&#8221;][vc_row_inner][vc_column_inner width=&#8221;1\/2&#8243;][vc_column_text]<\/p>\n<h3 style=\"line-height: 20px; margin-bottom: 15px;\">Teens Szerkeszt\u0151s\u00e9g<\/h3>\n<p><span style=\"font-size: 18px; line-height: 28px;\">Via Frascati, 330 \/ 332<br \/>\n00040 Rocca di Papa (RM)<br \/>\n<span style=\"border-bottom: 2px solid #8ecbcf; margin: 0 3px;\"><a class=\"teens-link\" href=\"mailto:teens@cittanuova.it?subject=Redazione%20Teens\" target=\"_blank\" rel=\"noopener noreferrer\">teens@cittanuova.it<\/a><\/span><\/span>[\/vc_column_text][\/vc_column_inner][vc_column_inner width=&#8221;1\/2&#8243;][vc_column_text]<\/p>\n<h3 style=\"line-height: 20px; margin-bottom: 15px;\">\u00cdrd meg, mit gondolsz!<\/h3>\n<p><span style=\"font-size: 18px; line-height: 28px;\">Milyen gondolatok fogalmaz\u00f3dnak meg benned az \u00faj\u00e9vben, a j\u00e1rv\u00e1ny okozta v\u00e1ls\u00e1g kapcs\u00e1n? \u00cdrd meg nek\u00fcnk!:<\/span>[\/vc_column_text][\/vc_column_inner][\/vc_row_inner][vc_empty_space height=&#8221;10px&#8221;][vc_separator color=&#8221;custom&#8221; accent_color=&#8221;#e6e6e6&#8243;][vc_empty_space height=&#8221;10px&#8221;][vc_row_inner][vc_column_inner][vc_column_text]<\/p>\n<h3 style=\"line-height: 20px; margin-bottom: 15px;\">Contattaci<\/h3>\n<p><span style=\"font-size: 18px; line-height: 28px;\">Ciao, per qualsiasi informazione potete scriverci, vi aspettiamo.<span class=\"h-news\">Le Redazioni Teens<\/span>. <\/span>[\/vc_column_text]<div role=\"form\" class=\"wpcf7\" id=\"wpcf7-f6538-o1\" lang=\"it-IT\" dir=\"ltr\">\n<div class=\"screen-reader-response\"><p role=\"status\" aria-live=\"polite\" aria-atomic=\"true\"><\/p> <ul><\/ul><\/div>\n<form action=\"\/hu\/wp-json\/wp\/v2\/pages\/9209#wpcf7-f6538-o1\" method=\"post\" class=\"wpcf7-form init\" novalidate=\"novalidate\" data-status=\"init\">\n<div style=\"display: none;\">\n<input type=\"hidden\" name=\"_wpcf7\" value=\"6538\" \/>\n<input type=\"hidden\" name=\"_wpcf7_version\" value=\"5.6.3\" \/>\n<input type=\"hidden\" name=\"_wpcf7_locale\" value=\"it_IT\" \/>\n<input type=\"hidden\" name=\"_wpcf7_unit_tag\" value=\"wpcf7-f6538-o1\" \/>\n<input type=\"hidden\" name=\"_wpcf7_container_post\" value=\"0\" \/>\n<input type=\"hidden\" name=\"_wpcf7_posted_data_hash\" value=\"\" \/>\n<input type=\"hidden\" name=\"_wpcf7_recaptcha_response\" value=\"\" \/>\n<\/div>\n<p><label> Nome \/ Cognome *<br \/>\n    <span class=\"wpcf7-form-control-wrap\" data-name=\"your-name\"><input type=\"text\" name=\"your-name\" value=\"\" size=\"40\" class=\"wpcf7-form-control wpcf7-text wpcf7-validates-as-required\" aria-required=\"true\" aria-invalid=\"false\" \/><\/span> <\/label><\/p>\n<p><label> Email *<br \/>\n    <span class=\"wpcf7-form-control-wrap\" data-name=\"your-email\"><input type=\"email\" name=\"your-email\" value=\"\" size=\"40\" class=\"wpcf7-form-control wpcf7-text wpcf7-email wpcf7-validates-as-required wpcf7-validates-as-email\" aria-required=\"true\" aria-invalid=\"false\" \/><\/span> <\/label><\/p>\n<p><label> Messaggio *<br \/>\n    <span class=\"wpcf7-form-control-wrap\" data-name=\"your-message\"><textarea name=\"your-message\" cols=\"40\" rows=\"10\" class=\"wpcf7-form-control wpcf7-textarea\" aria-invalid=\"false\"><\/textarea><\/span> <\/label><\/p>\n<p><input type=\"submit\" value=\"Invia\" class=\"wpcf7-form-control has-spinner wpcf7-submit\" \/><\/p>\n<div class=\"wpcf7-response-output\" aria-hidden=\"true\"><\/div><\/form><\/div>[\/vc_column_inner][\/vc_row_inner][\/vc_column][\/vc_row]<\/p>\n","protected":false},"excerpt":{"rendered":"<p>[vc_row][vc_column][vc_empty_space height=&#8221;10px&#8221;][vc_column_text]Teens\u00a0Tizen\u00e9vesek k\u00e9thavi lapja tizen\u00e9veseknek. Aktualit\u00e1s, tudom\u00e1ny, iskola, interkulturalit\u00e1s, sport, film, olasz \u00e9s nemzetk\u00f6zi tan\u00fas\u00e1gt\u00e9telek a fiatalok \u00e9s m\u00e1s nemzed\u00e9kek \u00e9s m\u00e1s kult\u00far\u00e1k k\u00f6zti egys\u00e9g, p\u00e1rbesz\u00e9d \u00e9s v\u00e9lem\u00e9nycsere c\u00e9lj\u00e1b\u00f3l. \u00d6sszefog\u00e1s c\u00e9ljaink el\u00e9r\u00e9s\u00e9\u00e9rt! C\u00e9lunk, hogy hangot adjunk a sz\u00e1mtalan pozit\u00edv h\u00edrnek, amelyet tizen\u00e9vesek tesznek tizen\u00e9vesek\u00e9rt.[\/vc_column_text][vc_empty_space height=&#8221;10px&#8221;][vc_separator color=&#8221;custom&#8221; accent_color=&#8221;#e6e6e6&#8243; css=&#8221;.vc_custom_1550154523448{margin-top: -2px !important;}&#8221;][vc_empty_space height=&#8221;10px&#8221;][vc_row_inner][vc_column_inner width=&#8221;1\/2&#8243;][vc_column_text] Teens Szerkeszt\u0151s\u00e9g Via [&hellip;] <a class=\"g1-link g1-link-more\" href=\"https:\/\/teens.cittanuova.it\/hu\/contatti\/\">More<\/a><\/p>\n","protected":false},"author":1,"featured_media":0,"parent":0,"menu_order":0,"comment_status":"closed","ping_status":"closed","template":"","meta":[],"wps_subtitle":"","_links":{"self":[{"href":"https:\/\/teens.cittanuova.it\/hu\/wp-json\/wp\/v2\/pages\/9209"}],"collection":[{"href":"https:\/\/teens.cittanuova.it\/hu\/wp-json\/wp\/v2\/pages"}],"about":[{"href":"https:\/\/teens.cittanuova.it\/hu\/wp-json\/wp\/v2\/types\/page"}],"author":[{"embeddable":true,"href":"https:\/\/teens.cittanuova.it\/hu\/wp-json\/wp\/v2\/users\/1"}],"replies":[{"embeddable":true,"href":"https:\/\/teens.cittanuova.it\/hu\/wp-json\/wp\/v2\/comments?post=9209"}],"version-history":[{"count":4,"href":"https:\/\/teens.cittanuova.it\/hu\/wp-json\/wp\/v2\/pages\/9209\/revisions"}],"predecessor-version":[{"id":10198,"href":"https:\/\/teens.cittanuova.it\/hu\/wp-json\/wp\/v2\/pages\/9209\/revisions\/10198"}],"wp:attachment":[{"href":"https:\/\/teens.cittanuova.it\/hu\/wp-json\/wp\/v2\/media?parent=9209"}],"curies":[{"name":"wp","href":"https:\/\/api.w.org\/{rel}","templated":true}]}}