{"id":8621,"date":"2019-02-18T10:28:00","date_gmt":"2019-02-18T09:28:00","guid":{"rendered":"https:\/\/teens.cittanuova.it\/redazione\/"},"modified":"2021-03-16T10:21:02","modified_gmt":"2021-03-16T09:21:02","slug":"redazione","status":"publish","type":"page","link":"https:\/\/teens.cittanuova.it\/pt-pt\/redazione\/","title":{"rendered":"Reda\u00e7\u00e3o Teens"},"content":{"rendered":"<p>[vc_row][vc_column][vc_empty_space height=&#8221;10px&#8221;][vc_single_image image=&#8221;8155&#8243; img_size=&#8221;full&#8221; onclick=&#8221;custom_link&#8221; img_link_target=&#8221;_blank&#8221; link=&#8221;https:\/\/www.cittanuova.it\/riviste\/9772499790168\/&#8221;][vc_column_text]<span style=\"font-size: 18px; line-height: 28px;\"> <span class=\"h-news\">Sendo uma reda\u00e7\u00e3o constitu\u00edda por adolescentes, queremos dar vida a uma revista dirigida aos nossos coet\u00e2neos, nos v\u00e1rios ambientes, come\u00e7ando pelas escolas. Desde o in\u00edcio, a nossa ideia foi que Teens se tornasse internacional, que se multiplicassem as reda\u00e7\u00f5es para poder relatar o que vai acontecendo pelo mundo atrav\u00e9s do olhar dos jovens dos 5 continentes.<br \/>\nAtualmente, as Reda\u00e7\u00f5es s\u00e3o da Argentina, Chile, Paraguai, Uruguai, Brasil, Panam\u00e1, Estados Unidos, Portugal, It\u00e1lia, Espanha, Hungria, Filipinas, \u00cdndia, Qu\u00e9nia, \u2026\u00a0Cada um trabalha no pr\u00f3prio pa\u00eds e mantemo-nos ligados atrav\u00e9s de encontros online.<br \/>\n<\/span><\/span>[\/vc_column_text][vc_empty_space height=&#8221;5px&#8221;][vc_row_inner][vc_column_inner width=&#8221;1\/3&#8243;][vc_column_text css_animation=&#8221;bounceIn&#8221;]<\/p>\n<h3 style=\"margin-bottom: 15px;\"><span style=\"color: #993366;\">Participa na tua Reda\u00e7\u00e3o<\/span><\/h3>\n<p><span style=\"font-size: 18px; line-height: 28px;\">Ol\u00e1! As reda\u00e7\u00f5es Teens espalhadas pelo mundo d\u00e3o-te as Boas Vindas. Queres fazer parte da Reda\u00e7\u00e3o Teens? Individualmente ou em grupo\/turma, podem enviar os vossos contributos<br \/>\n<a href=\"https:\/\/teens.cittanuova.it\/io-scrivo\/\">aqui<\/a>:<br \/>\n<a href=\"https:\/\/teens.cittanuova.it\/io-scrivo\/\"><img data-expand=\"600\" loading=\"lazy\" class=\"lazyload size-full wp-image-8755 aligncenter\" src=\"data:image\/svg+xml;charset=utf-8,%3Csvg xmlns%3D'http%3A%2F%2Fwww.w3.org%2F2000%2Fsvg' viewBox%3D'0 0 217 208'%2F%3E\" data-src=\"https:\/\/teens.cittanuova.it\/wp-content\/uploads\/2021\/01\/Icon_Pen2.png\" alt=\"\" width=\"217\" height=\"208\" data-srcset=\"https:\/\/teens.cittanuova.it\/wp-content\/uploads\/2021\/01\/Icon_Pen2.png 217w, https:\/\/teens.cittanuova.it\/wp-content\/uploads\/2021\/01\/Icon_Pen2-50x48.png 50w, https:\/\/teens.cittanuova.it\/wp-content\/uploads\/2021\/01\/Icon_Pen2-100x96.png 100w\" data-sizes=\"(max-width: 217px) 100vw, 217px\" \/><br \/>\n<\/a><br \/>\n<\/span>[\/vc_column_text][\/vc_column_inner][vc_column_inner width=&#8221;1\/3&#8243;][vc_column_text]<\/p>\n<h3 style=\"margin-bottom: 15px;\">Podes estar na primeira linha!<\/h3>\n<p><span style=\"font-size: 18px; line-height: 28px;\">Se quiseres interagir, mesmo s\u00f3 com um post, um like, uma sugest\u00e3o, um desejo, uma espectativa, um tema a tratar\u2026 \u00e9s muito BEM-VINDO!<\/span><\/p>\n<p><img data-expand=\"600\" loading=\"lazy\" class=\"lazyload size-full wp-image-8741 aligncenter\" src=\"data:image\/svg+xml;charset=utf-8,%3Csvg xmlns%3D'http%3A%2F%2Fwww.w3.org%2F2000%2Fsvg' viewBox%3D'0 0 208 208'%2F%3E\" data-src=\"https:\/\/teens.cittanuova.it\/wp-content\/uploads\/2021\/01\/Icon_Start-1.png\" alt=\"\" width=\"208\" height=\"208\" data-srcset=\"https:\/\/teens.cittanuova.it\/wp-content\/uploads\/2021\/01\/Icon_Start-1.png 208w, https:\/\/teens.cittanuova.it\/wp-content\/uploads\/2021\/01\/Icon_Start-1-150x150.png 150w, https:\/\/teens.cittanuova.it\/wp-content\/uploads\/2021\/01\/Icon_Start-1-192x192.png 192w, https:\/\/teens.cittanuova.it\/wp-content\/uploads\/2021\/01\/Icon_Start-1-110x110.png 110w, https:\/\/teens.cittanuova.it\/wp-content\/uploads\/2021\/01\/Icon_Start-1-48x48.png 48w, https:\/\/teens.cittanuova.it\/wp-content\/uploads\/2021\/01\/Icon_Start-1-96x96.png 96w\" data-sizes=\"(max-width: 208px) 100vw, 208px\" \/>[\/vc_column_text][\/vc_column_inner][vc_column_inner width=&#8221;1\/3&#8243;][vc_column_text]<\/p>\n<h3 style=\"margin-bottom: 15px;\">Come\u00e7a uma Reda\u00e7\u00e3o<\/h3>\n<p><span style=\"font-size: 18px; line-height: 28px;\">Querem come\u00e7ar uma Reda\u00e7\u00e3o com a vossa turma na Escola? Estamos \u00e0 disposi\u00e7\u00e3o para vos acompanhar nesta bela aventura:<span style=\"border-bottom: 2px solid #8ecbcf; margin: 0 3px;\"><a class=\"teens-link\" href=\"#\" target=\"_blank\" rel=\"noopener noreferrer\">escrevam-nos!\u00a0<\/a><\/span>\u00a0<\/span><\/p>\n<h3 style=\"margin-bottom: 15px;\"><img data-expand=\"600\" loading=\"lazy\" class=\"lazyload size-full wp-image-8704 aligncenter\" src=\"data:image\/svg+xml;charset=utf-8,%3Csvg xmlns%3D'http%3A%2F%2Fwww.w3.org%2F2000%2Fsvg' viewBox%3D'0 0 240 210'%2F%3E\" data-src=\"https:\/\/teens.cittanuova.it\/wp-content\/uploads\/2021\/01\/Icon_Redazione.png\" alt=\"\" width=\"240\" height=\"210\" data-srcset=\"https:\/\/teens.cittanuova.it\/wp-content\/uploads\/2021\/01\/Icon_Redazione.png 240w, https:\/\/teens.cittanuova.it\/wp-content\/uploads\/2021\/01\/Icon_Redazione-55x48.png 55w, https:\/\/teens.cittanuova.it\/wp-content\/uploads\/2021\/01\/Icon_Redazione-110x96.png 110w\" data-sizes=\"(max-width: 240px) 100vw, 240px\" \/><\/h3>\n<p>[\/vc_column_text][\/vc_column_inner][\/vc_row_inner][\/vc_column][\/vc_row][vc_row][vc_column][vc_single_image image=&#8221;10342&#8243; img_size=&#8221;medium&#8221; alignment=&#8221;center&#8221; onclick=&#8221;custom_link&#8221; link=&#8221;https:\/\/teens.cittanuova.it\/pt-pt\/news\/no-mundo\/&#8221;][\/vc_column][\/vc_row][vc_row][vc_column][vc_column_text]<\/p>\n<p style=\"text-align: center;\">REDA\u00c7\u00c3O TEENS NO MUNDO<\/p>\n<p>[\/vc_column_text][\/vc_column][\/vc_row]<\/p>\n","protected":false},"excerpt":{"rendered":"<p>[vc_row][vc_column][vc_empty_space height=&#8221;10px&#8221;][vc_single_image image=&#8221;8155&#8243; img_size=&#8221;full&#8221; onclick=&#8221;custom_link&#8221; img_link_target=&#8221;_blank&#8221; link=&#8221;https:\/\/www.cittanuova.it\/riviste\/9772499790168\/&#8221;][vc_column_text] Sendo uma reda\u00e7\u00e3o constitu\u00edda por adolescentes, queremos dar vida a uma revista dirigida aos nossos coet\u00e2neos, nos v\u00e1rios ambientes, come\u00e7ando pelas escolas. Desde o in\u00edcio, a nossa ideia foi que Teens se tornasse internacional, que se multiplicassem as reda\u00e7\u00f5es para poder relatar o que vai acontecendo pelo mundo [&hellip;] <a class=\"g1-link g1-link-more\" href=\"https:\/\/teens.cittanuova.it\/pt-pt\/redazione\/\">More<\/a><\/p>\n","protected":false},"author":1,"featured_media":0,"parent":0,"menu_order":0,"comment_status":"closed","ping_status":"closed","template":"g1-template-page-full.php","meta":[],"wps_subtitle":"","_links":{"self":[{"href":"https:\/\/teens.cittanuova.it\/pt-pt\/wp-json\/wp\/v2\/pages\/8621"}],"collection":[{"href":"https:\/\/teens.cittanuova.it\/pt-pt\/wp-json\/wp\/v2\/pages"}],"about":[{"href":"https:\/\/teens.cittanuova.it\/pt-pt\/wp-json\/wp\/v2\/types\/page"}],"author":[{"embeddable":true,"href":"https:\/\/teens.cittanuova.it\/pt-pt\/wp-json\/wp\/v2\/users\/1"}],"replies":[{"embeddable":true,"href":"https:\/\/teens.cittanuova.it\/pt-pt\/wp-json\/wp\/v2\/comments?post=8621"}],"version-history":[{"count":66,"href":"https:\/\/teens.cittanuova.it\/pt-pt\/wp-json\/wp\/v2\/pages\/8621\/revisions"}],"predecessor-version":[{"id":10396,"href":"https:\/\/teens.cittanuova.it\/pt-pt\/wp-json\/wp\/v2\/pages\/8621\/revisions\/10396"}],"wp:attachment":[{"href":"https:\/\/teens.cittanuova.it\/pt-pt\/wp-json\/wp\/v2\/media?parent=8621"}],"curies":[{"name":"wp","href":"https:\/\/api.w.org\/{rel}","templated":true}]}}