{"id":9177,"date":"2019-02-14T16:08:24","date_gmt":"2019-02-14T15:08:24","guid":{"rendered":"https:\/\/teens.cittanuova.it\/io-scrivo\/"},"modified":"2021-03-13T16:59:39","modified_gmt":"2021-03-13T15:59:39","slug":"io-scrivo","status":"publish","type":"page","link":"https:\/\/teens.cittanuova.it\/pt-pt\/io-scrivo\/","title":{"rendered":"Quero escrever\u2026"},"content":{"rendered":"<p>[vc_row][vc_column][vc_empty_space height=&#8221;10px&#8221;][vc_column_text]<span style=\"font-size: 18px; line-height: 28px;\">COl\u00e1! As reda\u00e7\u00f5es Teens espalhadas pelo mundo d\u00e3o-te as Boas Vindas. Queres fazer parte da Reda\u00e7\u00e3o Teens? Individualmente ou em grupo\/turma, podem enviar os vossos contributos <a href=\"mailto:teens@cittanuova.it\">aqui<\/a><br \/>\n<\/span><\/p>\n<p><img data-expand=\"600\" loading=\"lazy\" class=\"lazyload alignnone size-full wp-image-8965\" src=\"data:image\/svg+xml;charset=utf-8,%3Csvg xmlns%3D'http%3A%2F%2Fwww.w3.org%2F2000%2Fsvg' viewBox%3D'0 0 319 292'%2F%3E\" data-src=\"https:\/\/teens.cittanuova.it\/wp-content\/uploads\/2021\/01\/Icon_Redazione_Scrivi.png\" alt=\"\" width=\"319\" height=\"292\" data-srcset=\"https:\/\/teens.cittanuova.it\/wp-content\/uploads\/2021\/01\/Icon_Redazione_Scrivi.png 319w, https:\/\/teens.cittanuova.it\/wp-content\/uploads\/2021\/01\/Icon_Redazione_Scrivi-300x275.png 300w, https:\/\/teens.cittanuova.it\/wp-content\/uploads\/2021\/01\/Icon_Redazione_Scrivi-52x48.png 52w, https:\/\/teens.cittanuova.it\/wp-content\/uploads\/2021\/01\/Icon_Redazione_Scrivi-105x96.png 105w, https:\/\/teens.cittanuova.it\/wp-content\/uploads\/2021\/01\/Icon_Redazione_Scrivi-313x287.png 313w\" data-sizes=\"(max-width: 319px) 100vw, 319px\" \/>[\/vc_column_text][vc_row_inner][vc_column_inner][vc_column_text]<\/p>\n<h3 style=\"line-height: 20px; margin-bottom: 15px;\">Manda-nos o teu contributo<\/h3>\n<p><span style=\"font-size: large;\">Sabes escrever, sabes fazer fotos ou gostas de desenhar?<br \/>\nPodes mandar-nos os teus trabalhos.<br \/>\n<\/span><br \/>\n(dados pessoais)[\/vc_column_text]<div role=\"form\" class=\"wpcf7\" id=\"wpcf7-f6664-o1\" lang=\"it-IT\" dir=\"ltr\">\n<div class=\"screen-reader-response\"><p role=\"status\" aria-live=\"polite\" aria-atomic=\"true\"><\/p> <ul><\/ul><\/div>\n<form action=\"\/pt-pt\/wp-json\/wp\/v2\/pages\/9177#wpcf7-f6664-o1\" method=\"post\" class=\"wpcf7-form init\" novalidate=\"novalidate\" data-status=\"init\">\n<div style=\"display: none;\">\n<input type=\"hidden\" name=\"_wpcf7\" value=\"6664\" \/>\n<input type=\"hidden\" name=\"_wpcf7_version\" value=\"5.6.3\" \/>\n<input type=\"hidden\" name=\"_wpcf7_locale\" value=\"it_IT\" \/>\n<input type=\"hidden\" name=\"_wpcf7_unit_tag\" value=\"wpcf7-f6664-o1\" \/>\n<input type=\"hidden\" name=\"_wpcf7_container_post\" value=\"0\" \/>\n<input type=\"hidden\" name=\"_wpcf7_posted_data_hash\" value=\"\" \/>\n<input type=\"hidden\" name=\"_wpcf7_recaptcha_response\" value=\"\" \/>\n<\/div>\n<p><label> Nome \/ Cognome *<br \/>\n    <span class=\"wpcf7-form-control-wrap\" data-name=\"your-name\"><input type=\"text\" name=\"your-name\" value=\"\" size=\"40\" class=\"wpcf7-form-control wpcf7-text wpcf7-validates-as-required\" aria-required=\"true\" aria-invalid=\"false\" \/><\/span> <\/label><\/p>\n<p><label> Email *<br \/>\n    <span class=\"wpcf7-form-control-wrap\" data-name=\"your-email\"><input type=\"email\" name=\"your-email\" value=\"\" size=\"40\" class=\"wpcf7-form-control wpcf7-text wpcf7-email wpcf7-validates-as-required wpcf7-validates-as-email\" aria-required=\"true\" aria-invalid=\"false\" \/><\/span> <\/label><\/p>\n<p><label> Et\u00e0 *<br \/>\n    <span class=\"wpcf7-form-control-wrap\" data-name=\"number-77\"><input type=\"number\" name=\"number-77\" value=\"\" class=\"wpcf7-form-control wpcf7-number wpcf7-validates-as-number\" aria-invalid=\"false\" \/><\/span> <\/label><\/p>\n<p><label> Rubrica *<br \/>\n<span class=\"wpcf7-form-control-wrap\" data-name=\"menu-380\"><select name=\"menu-380\" class=\"wpcf7-form-control wpcf7-select\" aria-invalid=\"false\"><option value=\"Editoriale\">Editoriale<\/option><option value=\"News\">News<\/option><option value=\"Glocal\">Glocal<\/option><option value=\"Brevi\">Brevi<\/option><option value=\"Deep\">Deep<\/option><option value=\"Family\">Family<\/option><option value=\"Scuola e Dintorni\">Scuola e Dintorni<\/option><option value=\"Travel\">Travel<\/option><option value=\"Science\">Science<\/option><option value=\"Living Peace\">Living Peace<\/option><option value=\"Eco\">Eco<\/option><option value=\"FAO\">FAO<\/option><option value=\"#FAMEZERO\">#FAMEZERO<\/option><option value=\"4 Teens\">4 Teens<\/option><option value=\"About\">About<\/option><option value=\"Path\">Path<\/option><option value=\"Musica\">Musica<\/option><option value=\"Cinema\">Cinema<\/option><option value=\"Libri\">Libri<\/option><option value=\"Moda\">Moda<\/option><option value=\"Sport\">Sport<\/option><option value=\"Posta\">Posta<\/option><\/select><\/span><br \/>\n     <\/label><\/p>\n<p><label> Messaggio *<br \/>\n    <span class=\"wpcf7-form-control-wrap\" data-name=\"your-message\"><textarea name=\"your-message\" cols=\"40\" rows=\"10\" class=\"wpcf7-form-control wpcf7-textarea\" aria-invalid=\"false\"><\/textarea><\/span> <\/label><\/p>\n<p><input type=\"submit\" value=\"Invia\" class=\"wpcf7-form-control has-spinner wpcf7-submit\" \/><\/p>\n<div class=\"wpcf7-response-output\" aria-hidden=\"true\"><\/div><\/form><\/div>[\/vc_column_inner][\/vc_row_inner][\/vc_column][\/vc_row]<\/p>\n","protected":false},"excerpt":{"rendered":"<p>[vc_row][vc_column][vc_empty_space height=&#8221;10px&#8221;][vc_column_text]COl\u00e1! As reda\u00e7\u00f5es Teens espalhadas pelo mundo d\u00e3o-te as Boas Vindas. Queres fazer parte da Reda\u00e7\u00e3o Teens? Individualmente ou em grupo\/turma, podem enviar os vossos contributos aqui [\/vc_column_text][vc_row_inner][vc_column_inner][vc_column_text] Manda-nos o teu contributo Sabes escrever, sabes fazer fotos ou gostas de desenhar? Podes mandar-nos os teus trabalhos. (dados pessoais)[\/vc_column_text][\/vc_column_inner][\/vc_row_inner][\/vc_column][\/vc_row] <a class=\"g1-link g1-link-more\" href=\"https:\/\/teens.cittanuova.it\/pt-pt\/io-scrivo\/\">More<\/a><\/p>\n","protected":false},"author":1,"featured_media":0,"parent":0,"menu_order":0,"comment_status":"closed","ping_status":"closed","template":"","meta":[],"wps_subtitle":"","_links":{"self":[{"href":"https:\/\/teens.cittanuova.it\/pt-pt\/wp-json\/wp\/v2\/pages\/9177"}],"collection":[{"href":"https:\/\/teens.cittanuova.it\/pt-pt\/wp-json\/wp\/v2\/pages"}],"about":[{"href":"https:\/\/teens.cittanuova.it\/pt-pt\/wp-json\/wp\/v2\/types\/page"}],"author":[{"embeddable":true,"href":"https:\/\/teens.cittanuova.it\/pt-pt\/wp-json\/wp\/v2\/users\/1"}],"replies":[{"embeddable":true,"href":"https:\/\/teens.cittanuova.it\/pt-pt\/wp-json\/wp\/v2\/comments?post=9177"}],"version-history":[{"count":4,"href":"https:\/\/teens.cittanuova.it\/pt-pt\/wp-json\/wp\/v2\/pages\/9177\/revisions"}],"predecessor-version":[{"id":10295,"href":"https:\/\/teens.cittanuova.it\/pt-pt\/wp-json\/wp\/v2\/pages\/9177\/revisions\/10295"}],"wp:attachment":[{"href":"https:\/\/teens.cittanuova.it\/pt-pt\/wp-json\/wp\/v2\/media?parent=9177"}],"curies":[{"name":"wp","href":"https:\/\/api.w.org\/{rel}","templated":true}]}}