{"id":9181,"date":"2019-02-18T09:54:58","date_gmt":"2019-02-18T08:54:58","guid":{"rendered":"https:\/\/teens.cittanuova.it\/storia\/"},"modified":"2021-03-13T16:56:13","modified_gmt":"2021-03-13T15:56:13","slug":"storia","status":"publish","type":"page","link":"https:\/\/teens.cittanuova.it\/pt-pt\/storia\/","title":{"rendered":"Hist\u00f3ria"},"content":{"rendered":"<p>[vc_row el_id=&#8221;archivio&#8221;][vc_column el_id=&#8221;4unity&#8221;][vc_empty_space height=&#8221;10px&#8221;][vc_single_image image=&#8221;8474&#8243; img_size=&#8221;full&#8221;][vc_column_text css=&#8221;.vc_custom_1615650901583{margin-top: -5px !important;}&#8221;]<\/p>\n<blockquote><p><strong>Juntos, para atingir objetivos!<br \/>\n<\/strong>Um olhar sobre o mundo com o objetivo de fixar o foco sobre muitas boas not\u00edcias, \u201cgood news\u201d, que s\u00e3o preparadas em todo o mundo por e para os adolescentes.<\/p><\/blockquote>\n<p>[\/vc_column_text][vc_row_inner][vc_column_inner width=&#8221;1\/2&#8243;][vc_column_text]<span style=\"font-size: 18px; line-height: 28px;\">\u201cComo seria bom, por vezes, apagar a televis\u00e3o ou fechar o jornal sem ter visto nenhuma das imagens cru\u00e9is que chegam dos pa\u00edses em guerra, para manter acesa a chama da esperan\u00e7a que brilha no nosso cora\u00e7\u00e3o!\u201d (Ayman, 15 anos, nascido em Qaraqosh, no Iraque, um pa\u00eds em luta cont\u00ednua contra um inimigo chamado terrorismo).<\/span>[\/vc_column_text][vc_empty_space height=&#8221;20px&#8221;][vc_single_image image=&#8221;8482&#8243; img_size=&#8221;full&#8221;][\/vc_column_inner][vc_column_inner width=&#8221;1\/2&#8243;][vc_column_text]<span style=\"font-size: 18px; line-height: 28px;\"><span class=\"h-news\">N\u00f3s, Jovens para a Unidade, tendo em conta a import\u00e2ncia da comunica\u00e7\u00e3o para aproximar as pessoas, povos e culturas, empenhamo-nos a\u2026 come\u00e7ando pelo nosso sorriso, fazer com que cada um se sinta livre de comunicar tudo de si mesmo, servindo-nos dos meios de comunica\u00e7\u00e3o dispon\u00edveis, mas conscientes da prioridade da comunica\u00e7\u00e3o face a face\u2026<\/span>[\/vc_column_text][vc_empty_space height=&#8221;20px&#8221;][vc_single_image image=&#8221;8488&#8243; img_size=&#8221;full&#8221;][\/vc_column_inner][\/vc_row_inner][\/vc_column][\/vc_row][vc_row][vc_column][vc_column_text]<\/span>[\/vc_column_text][\/vc_column][\/vc_row]<\/p>\n","protected":false},"excerpt":{"rendered":"<p>[vc_row el_id=&#8221;archivio&#8221;][vc_column el_id=&#8221;4unity&#8221;][vc_empty_space height=&#8221;10px&#8221;][vc_single_image image=&#8221;8474&#8243; img_size=&#8221;full&#8221;][vc_column_text css=&#8221;.vc_custom_1615650901583{margin-top: -5px !important;}&#8221;] Juntos, para atingir objetivos! Um olhar sobre o mundo com o objetivo de fixar o foco sobre muitas boas not\u00edcias, \u201cgood news\u201d, que s\u00e3o preparadas em todo o mundo por e para os adolescentes. [\/vc_column_text][vc_row_inner][vc_column_inner width=&#8221;1\/2&#8243;][vc_column_text]\u201cComo seria bom, por vezes, apagar a televis\u00e3o ou fechar o [&hellip;] <a class=\"g1-link g1-link-more\" href=\"https:\/\/teens.cittanuova.it\/pt-pt\/storia\/\">More<\/a><\/p>\n","protected":false},"author":1,"featured_media":0,"parent":0,"menu_order":0,"comment_status":"closed","ping_status":"closed","template":"g1-template-page-full.php","meta":[],"wps_subtitle":"","_links":{"self":[{"href":"https:\/\/teens.cittanuova.it\/pt-pt\/wp-json\/wp\/v2\/pages\/9181"}],"collection":[{"href":"https:\/\/teens.cittanuova.it\/pt-pt\/wp-json\/wp\/v2\/pages"}],"about":[{"href":"https:\/\/teens.cittanuova.it\/pt-pt\/wp-json\/wp\/v2\/types\/page"}],"author":[{"embeddable":true,"href":"https:\/\/teens.cittanuova.it\/pt-pt\/wp-json\/wp\/v2\/users\/1"}],"replies":[{"embeddable":true,"href":"https:\/\/teens.cittanuova.it\/pt-pt\/wp-json\/wp\/v2\/comments?post=9181"}],"version-history":[{"count":4,"href":"https:\/\/teens.cittanuova.it\/pt-pt\/wp-json\/wp\/v2\/pages\/9181\/revisions"}],"predecessor-version":[{"id":10293,"href":"https:\/\/teens.cittanuova.it\/pt-pt\/wp-json\/wp\/v2\/pages\/9181\/revisions\/10293"}],"wp:attachment":[{"href":"https:\/\/teens.cittanuova.it\/pt-pt\/wp-json\/wp\/v2\/media?parent=9181"}],"curies":[{"name":"wp","href":"https:\/\/api.w.org\/{rel}","templated":true}]}}