{"id":9184,"date":"2019-02-14T14:42:34","date_gmt":"2019-02-14T13:42:34","guid":{"rendered":"https:\/\/teens.cittanuova.it\/contatti\/"},"modified":"2021-03-13T17:09:25","modified_gmt":"2021-03-13T16:09:25","slug":"contatti","status":"publish","type":"page","link":"https:\/\/teens.cittanuova.it\/pt-pt\/contatti\/","title":{"rendered":"Contactos"},"content":{"rendered":"<p>[vc_row][vc_column][vc_empty_space height=&#8221;10px&#8221;][vc_column_text]<span style=\"font-size: 18px; line-height: 28px;\"><strong>Teens<\/strong> Atualidade, ci\u00eancia, escola, intercultura, desporto, cinema, testemunhos italianos e internacionais na perspetiva da unidade, do di\u00e1logo e do confronto entre os adolescentes, entre as gera\u00e7\u00f5es e as culturas. Um olhar sobre o mundo com o objetivo de relatar as muitas not\u00edcias boas, <strong>\u201cgood news\u201d<\/strong>, que s\u00e3o realizadas em todo o mundo por e para os adolescentes.<\/span>[\/vc_column_text][vc_empty_space height=&#8221;10px&#8221;][vc_separator color=&#8221;custom&#8221; accent_color=&#8221;#e6e6e6&#8243; css=&#8221;.vc_custom_1550154523448{margin-top: -2px !important;}&#8221;][vc_empty_space height=&#8221;10px&#8221;][vc_row_inner][vc_column_inner width=&#8221;1\/2&#8243;][vc_column_text]<\/p>\n<h3 style=\"line-height: 20px; margin-bottom: 15px;\"><span style=\"color: #993366;\">Reda\u00e7\u00e3o Teens<\/span><\/h3>\n<div><a href=\"mailto:redacao.teens@cidadenova.org\">redacao.teens@cidadenova.org<\/a><\/div>\n<p>[\/vc_column_text][\/vc_column_inner][vc_column_inner width=&#8221;1\/2&#8243;][vc_column_text]<\/p>\n<h3 style=\"line-height: 20px; margin-bottom: 15px;\">.<\/h3>\n<p><span style=\"font-size: 18px; line-height: 28px;\">.<\/span>[\/vc_column_text][\/vc_column_inner][\/vc_row_inner][vc_empty_space height=&#8221;10px&#8221;][vc_separator color=&#8221;custom&#8221; accent_color=&#8221;#e6e6e6&#8243;][vc_empty_space height=&#8221;10px&#8221;][vc_row_inner][vc_column_inner][vc_column_text]<\/p>\n<h3 style=\"line-height: 20px; margin-bottom: 15px;\">Contattaci<\/h3>\n<p><span style=\"font-size: 18px; line-height: 28px;\">Ciao, per qualsiasi informazione potete scriverci, vi aspettiamo.<span class=\"h-news\">Le Redazioni Teens<\/span>. <\/span>[\/vc_column_text]<div role=\"form\" class=\"wpcf7\" id=\"wpcf7-f6538-o1\" lang=\"it-IT\" dir=\"ltr\">\n<div class=\"screen-reader-response\"><p role=\"status\" aria-live=\"polite\" aria-atomic=\"true\"><\/p> <ul><\/ul><\/div>\n<form action=\"\/pt-pt\/wp-json\/wp\/v2\/pages\/9184#wpcf7-f6538-o1\" method=\"post\" class=\"wpcf7-form init\" novalidate=\"novalidate\" data-status=\"init\">\n<div style=\"display: none;\">\n<input type=\"hidden\" name=\"_wpcf7\" value=\"6538\" \/>\n<input type=\"hidden\" name=\"_wpcf7_version\" value=\"5.6.3\" \/>\n<input type=\"hidden\" name=\"_wpcf7_locale\" value=\"it_IT\" \/>\n<input type=\"hidden\" name=\"_wpcf7_unit_tag\" value=\"wpcf7-f6538-o1\" \/>\n<input type=\"hidden\" name=\"_wpcf7_container_post\" value=\"0\" \/>\n<input type=\"hidden\" name=\"_wpcf7_posted_data_hash\" value=\"\" \/>\n<input type=\"hidden\" name=\"_wpcf7_recaptcha_response\" value=\"\" \/>\n<\/div>\n<p><label> Nome \/ Cognome *<br \/>\n    <span class=\"wpcf7-form-control-wrap\" data-name=\"your-name\"><input type=\"text\" name=\"your-name\" value=\"\" size=\"40\" class=\"wpcf7-form-control wpcf7-text wpcf7-validates-as-required\" aria-required=\"true\" aria-invalid=\"false\" \/><\/span> <\/label><\/p>\n<p><label> Email *<br \/>\n    <span class=\"wpcf7-form-control-wrap\" data-name=\"your-email\"><input type=\"email\" name=\"your-email\" value=\"\" size=\"40\" class=\"wpcf7-form-control wpcf7-text wpcf7-email wpcf7-validates-as-required wpcf7-validates-as-email\" aria-required=\"true\" aria-invalid=\"false\" \/><\/span> <\/label><\/p>\n<p><label> Messaggio *<br \/>\n    <span class=\"wpcf7-form-control-wrap\" data-name=\"your-message\"><textarea name=\"your-message\" cols=\"40\" rows=\"10\" class=\"wpcf7-form-control wpcf7-textarea\" aria-invalid=\"false\"><\/textarea><\/span> <\/label><\/p>\n<p><input type=\"submit\" value=\"Invia\" class=\"wpcf7-form-control has-spinner wpcf7-submit\" \/><\/p>\n<div class=\"wpcf7-response-output\" aria-hidden=\"true\"><\/div><\/form><\/div>[\/vc_column_inner][\/vc_row_inner][\/vc_column][\/vc_row]<\/p>\n","protected":false},"excerpt":{"rendered":"<p>[vc_row][vc_column][vc_empty_space height=&#8221;10px&#8221;][vc_column_text]Teens Atualidade, ci\u00eancia, escola, intercultura, desporto, cinema, testemunhos italianos e internacionais na perspetiva da unidade, do di\u00e1logo e do confronto entre os adolescentes, entre as gera\u00e7\u00f5es e as culturas. Um olhar sobre o mundo com o objetivo de relatar as muitas not\u00edcias boas, \u201cgood news\u201d, que s\u00e3o realizadas em todo o mundo por e [&hellip;] <a class=\"g1-link g1-link-more\" href=\"https:\/\/teens.cittanuova.it\/pt-pt\/contatti\/\">More<\/a><\/p>\n","protected":false},"author":1,"featured_media":0,"parent":0,"menu_order":0,"comment_status":"closed","ping_status":"closed","template":"","meta":[],"wps_subtitle":"Teens | A Revista bimestral feita pelos jovens para os jovens.","_links":{"self":[{"href":"https:\/\/teens.cittanuova.it\/pt-pt\/wp-json\/wp\/v2\/pages\/9184"}],"collection":[{"href":"https:\/\/teens.cittanuova.it\/pt-pt\/wp-json\/wp\/v2\/pages"}],"about":[{"href":"https:\/\/teens.cittanuova.it\/pt-pt\/wp-json\/wp\/v2\/types\/page"}],"author":[{"embeddable":true,"href":"https:\/\/teens.cittanuova.it\/pt-pt\/wp-json\/wp\/v2\/users\/1"}],"replies":[{"embeddable":true,"href":"https:\/\/teens.cittanuova.it\/pt-pt\/wp-json\/wp\/v2\/comments?post=9184"}],"version-history":[{"count":4,"href":"https:\/\/teens.cittanuova.it\/pt-pt\/wp-json\/wp\/v2\/pages\/9184\/revisions"}],"predecessor-version":[{"id":10298,"href":"https:\/\/teens.cittanuova.it\/pt-pt\/wp-json\/wp\/v2\/pages\/9184\/revisions\/10298"}],"wp:attachment":[{"href":"https:\/\/teens.cittanuova.it\/pt-pt\/wp-json\/wp\/v2\/media?parent=9184"}],"curies":[{"name":"wp","href":"https:\/\/api.w.org\/{rel}","templated":true}]}}